{"id":17,"date":"2015-04-23T09:33:50","date_gmt":"2015-04-23T09:33:50","guid":{"rendered":"http:\/\/aes-int.com\/?page_id=17"},"modified":"2024-06-17T11:57:49","modified_gmt":"2024-06-17T11:57:49","slug":"services","status":"publish","type":"page","link":"https:\/\/aes-int.com\/de\/services\/","title":{"rendered":"Dienstleistungen"},"content":{"rendered":"<p><\/p>\n<h3><\/h3>\n<h3><span style=\"color: #10397c;\">Der Kunde ist stets im Mittelpunkt!<\/span><\/h3>\n<p style=\"text-align: justify;\">Unser Unternehmen z\u00e4hlt zu den f\u00fchrenden Herstellern von Kraft-W\u00e4rme-Kopplung Kraftwerken mit herausragenden Dienstleistungen.<\/p>\n<p style=\"text-align: justify;\">Da der Kunde stets f\u00fcr uns im Mittelpunkt steht, erm\u00f6glichen wir die individuelle Erstellung von gew\u00fcnschten Projekten und die damit verbundenen Ausstattungen.<\/p>\n<p style=\"text-align: justify;\">Unsere hohe Verf\u00fcgbarkeit wie auch Sicherheit unseres Services erm\u00f6glicht schnelle Wartung und Reparatur.<\/p>\n<p style=\"text-align: justify;\"><div class='content-column one_half'><p><img loading=\"lazy\" class=\"animated aligncenter wp-image-251 size-full\" src=\"http:\/\/aes-int.com\/wp-content\/uploads\/2015\/04\/key_yek.png\" alt=\"\" width=\"76\" height=\"76\" \/><\/p>\n<h3 style=\"text-align: center;\"><span style=\"color: #10397c;\">Der Bau von \u201eschl\u00fcsselfertigen\u201c Bauwerken<\/span><\/h3>\n<p style=\"text-align: justify;\">Unser Unternehmen erf\u00fcllt die gesamte Planung, Lieferung, Herstellung und Montage von Kraftwerken. Dabei legen wir besonders viel Wert auf die Realisierung von schl\u00fcsselfertigen Projekten.<\/p>\n<p style=\"text-align: justify;\">\u201eAustro Energy Systems\u201c minimiert nicht nur die Risikofaktoren f\u00fcr den Kunden, sondern auch die zus\u00e4tzlich beanspruchte Bauzeit des Energieprojektes und f\u00fchrt zu verbesserter Gesamtqualit\u00e4t hinzu. Dieses professionelle Arbeitsverh\u00e4ltnis vom Aufraggeber zu Auftragnehmer, \u00fcbernimmt die h\u00f6chste Stufe der Verantwortung. Dar\u00fcber hinaus, wird der Plan \u00fcbersichtlich. Infolgedessen wird der Prozess von Investitionen und Kredit- Ressourcen deutlich erleichtert.<\/p>\n<p style=\"text-align: justify;\">Zu unseren T\u00e4tigkeiten z\u00e4hlen folgende Elemente:<\/p>\n<ul>\n<li style=\"text-align: justify;\">optimale Durchlaufzeiten und kontinuierliche \u00dcberwachung des Fortschritts<\/li>\n<li style=\"text-align: justify;\">Suche nach profitablen Anbietern<\/li>\n<li style=\"text-align: justify;\">Die Lieferung von Komponenten der gew\u00fcnschten Baustelle<\/li>\n<li style=\"text-align: justify;\">Kontrolle und Qualit\u00e4tsmanagement auf allen Stufen der Bauanlage<\/li>\n<li style=\"text-align: justify;\">Qualit\u00e4tsgarantie<\/li>\n<\/ul>\n<p style=\"text-align: justify;\"><\/div><\/p>\n<p style=\"text-align: justify;\"><div class='content-column one_half last_column'><p><img loading=\"lazy\" class=\"animated aligncenter wp-image-54 size-full\" src=\"http:\/\/aes-int.com\/wp-content\/uploads\/2015\/04\/AES_services_03.png\" alt=\"AES_services_03\" width=\"76\" height=\"76\" \/><\/p>\n<h3 style=\"text-align: center;\"><span style=\"color: #333399;\">Energie Audit<\/span><\/h3>\n<p style=\"text-align: justify;\">Die Spezialisten der \u201eAustro Energy System\u201c f\u00fchren gr\u00fcndlich eine Projekt -Voranalyse und Beratung, \u00fcber die energieeffizientesten L\u00f6sungen auf dem Gebiet der Energie, durch. Die Voranalyse erm\u00f6glicht eine objektive Bewertung in den ersten Phasen der Planung und die Gestaltung des KWK. Somit kann das Risiko von Fehlentscheidungen deutlich verringert werden.<\/p>\n<p style=\"text-align: justify;\"><\/div><div class='clear_column'><\/div><\/p>\n<p style=\"text-align: justify;\"><div class='content-column one_half'><p style=\"text-align: justify;\"><img loading=\"lazy\" class=\"animated aligncenter wp-image-55 size-full\" src=\"http:\/\/aes-int.com\/wp-content\/uploads\/2015\/04\/AES_services_05.png\" alt=\"AES_services_05\" width=\"76\" height=\"76\" \/><\/p>\n<h3 style=\"text-align: center;\"><span style=\"color: #333399;\">Maschinenbau<\/span><\/h3>\n<p style=\"text-align: justify;\">Mit allen notwendigen Ressourcen bietet das Unternehmen \u201eAustro Energy System\u201c folgende Dienstleistungen an:<\/p>\n<ul>\n<li style=\"text-align: justify;\">Ausarbeitung technischer Spezifikationen<\/li>\n<li style=\"text-align: justify;\">Vorbereitung von Projektvorschl\u00e4gen und Machbarkeitsstudien f\u00fcr den Bau von Energieanlagen<\/li>\n<li style=\"text-align: justify;\">Budgetierung<\/li>\n<li style=\"text-align: justify;\">Finanzunterst\u00fctzung<\/li>\n<li style=\"text-align: justify;\">Kostenkontrolle<\/li>\n<li style=\"text-align: justify;\">Durchf\u00fchrung von wissenschaftlicher Forschungsarbeit<\/li>\n<li style=\"text-align: justify;\">Umsetzung von Maschinenbau- und Vermessungsarbeiten f\u00fcr den Bau von Einrichtungen<\/li>\n<li style=\"text-align: justify;\">Technische Projektentwicklungen und Arbeitszeichnungen der Bauten in neu oder rekonstruierender Form der bestehenden Energieanlagen<\/li>\n<li style=\"text-align: justify;\">Design von Ger\u00e4ten und Anlagen f\u00fcr die Montage von Beh\u00e4ltern, einschlie\u00dflich der damit verbundenen Forschung, Entwicklung, Pr\u00fcfung und Erstellung von Spezifikationen<\/li>\n<\/ul><\/div><\/p>\n<div class='content-column one_half last_column'><h3 style=\"text-align: center;\"><img loading=\"lazy\" class=\"animated aligncenter wp-image-57 size-full\" src=\"http:\/\/aes-int.com\/wp-content\/uploads\/2015\/04\/AES_services_11.png\" alt=\"AES_services_11\" width=\"76\" height=\"76\" \/><\/h3>\n<h3 style=\"text-align: center;\"><span style=\"color: #333399;\">Produktion und Lieferung<\/span><\/h3>\n<p style=\"text-align: justify;\">Das Unternehmen \u201eAustro Energy Systems\u201c liefert eine breite Palette von Ger\u00e4ten f\u00fcr die Energiewirtschaft. Es umfasst Produktion und Lieferung von KWK-Anlagen, einschlie\u00dflich Gaskraftwerke, Gasturbinenanlagen, Reinigungssysteme und dazu die n\u00f6tige Gasvorbereitung, unterbrechungsfreie Stromversorgungssysteme, W\u00e4rmer\u00fcckgewinnung mit Hilfe von Dampf-Hei\u00dfwasser-kessel, Absorptionsanlagen f\u00fcr die K\u00e4lteerzeugnis und Doppelschrauben-Maschinen Installation f\u00fcr die Elektrizit\u00e4tserzeugung durch Nassdampf. Alle Ger\u00e4te unterziehen sich einer Pflichtpr\u00fcfung auf Einhaltung der Projekt-Parameter. Durch unsere langj\u00e4hrige Erfahrung sind wir im Stande, in kurzer Zeit, die Anschaffung von komplexen Kraftanlagen \u00a0bereitzustellen.<\/p><\/div><div class='clear_column'><\/div>\n<div class='content-column one_half'><p><img loading=\"lazy\" class=\"animated aligncenter wp-image-341 size-full\" src=\"http:\/\/aes-int.com\/wp-content\/uploads\/2015\/04\/mount.png\" alt=\"\" width=\"76\" height=\"76\" \/><\/p>\n<h3 style=\"text-align: center;\"><span style=\"color: #10397c;\">Montage und Montage\u00fcberwachung<\/span><\/h3>\n<p style=\"text-align: justify;\">\u201eAustro Energy Systems\u201c bietet f\u00fcr eine erfolgreiche Montage der Ausr\u00fcstung die Dienste von erfahrenen Ingenieuren an, die Ihnen bei der Installation und Inbetriebnahme der Ausr\u00fcstung\u00a0zur Verf\u00fcgung stehen.<\/p>\n<p style=\"text-align: justify;\">Das Leistungsspektrum umfasst:<\/p>\n<ul>\n<li style=\"text-align: justify;\">Durchf\u00fchrung der erforderlichen Pr\u00fcfungen<\/li>\n<li style=\"text-align: justify;\">Vor- Inbetriebnahme Installationen<\/li>\n<li style=\"text-align: justify;\">Inbetriebnahme der Anlage<\/li>\n<\/ul><\/div>\n<div class='content-column one_half last_column'><p><img loading=\"lazy\" class=\"animated aligncenter wp-image-164 size-full\" src=\"http:\/\/aes-int.com\/wp-content\/uploads\/2015\/04\/AES_ser_06.jpg\" alt=\"AES_ser_06\" width=\"76\" height=\"75\" \/><\/p>\n<h3 style=\"text-align: center;\"><span style=\"color: #10397c;\">Personalausbildung<\/span><\/h3>\n<p style=\"text-align: justify;\">Die qualifizierte Bedienung\u00a0der Mini-KWK-Anlagen, Gasmotoren, Generatoren und Blockheizkraftwerke des \u201eAustro Energy Systems\u201c erweitern\u00a0deutlich die Betriebszeiten und erh\u00f6hen zus\u00e4tzlich die Effizienz.<\/p>\n<p style=\"text-align: justify;\">Passend dazu erm\u00f6glicht \u201eAustro Energy Systems\u201c Schulungen und Seminare, die von einem Spezialistenteam geleitet werden an. Das Ausbildungsprogramm umfasst theoretische und praktische Fertigkeiten. \u00a0Das zuk\u00fcnftige Personal wird in der Lage sein, selbstst\u00e4ndig eigene KWK-Anlagen zu betreiben und zu warten.<\/p><\/div><div class='clear_column'><\/div>\n<div class='content-column one_half'><h3 style=\"text-align: center;\"><img loading=\"lazy\" class=\"animated aligncenter wp-image-165 size-full\" src=\"http:\/\/aes-int.com\/wp-content\/uploads\/2015\/04\/icon-4.jpg\" alt=\"\u0421\u0438\u0440\u0432\u0438\u0441\u043d\u043e\u0435 \u043e\u0431\u0441\u043b\u0443\u0436\u0438\u0432\u0430\u043d\u0438\u0435\" width=\"76\" height=\"76\" \/><\/h3>\n<h3 style=\"text-align: center;\"><span style=\"color: #333399;\">Nachverkaufsservice <\/span><\/h3>\n<p style=\"text-align: justify;\">Unser Unternehmen bietet die g\u00fcnstigsten Bedingungen f\u00fcr die Wartung von Ger\u00e4ten in kurzer Zeit an. Bei Bedarf\u00a0ist die Lieferung von Ersatzteilen und Verbrauchsmaterialien m\u00f6glich. Insbesondere bieten wir eine umfassende Palette an Service an.<\/p>\n<p style=\"text-align: justify;\">Im Rahmen des Services ist \u201eAustro Energy Systems\u201c dazu verpflichtet folgende Kriterien zu erf\u00fcllen:<\/p>\n<ul>\n<li style=\"text-align: justify;\">Qualifiziertes Personal<\/li>\n<li style=\"text-align: justify;\">Original Ersatzsteile<\/li>\n<li style=\"text-align: justify;\">F\u00fcr die Arbeit ben\u00f6tigten zertifizierte Materialien<\/li>\n<li style=\"text-align: justify;\">F\u00fcr alle Installationen und Ersatzteile bietet unser Unternehmen eine Garantie<\/li>\n<\/ul><\/div>\n<div class='content-column one_half last_column'><p><img loading=\"lazy\" class=\"animated aligncenter wp-image-227 size-full\" src=\"http:\/\/aes-int.com\/wp-content\/uploads\/2015\/04\/services_09.jpg\" alt=\"services_09\" width=\"74\" height=\"76\" \/><\/p>\n<h3 style=\"text-align: center;\"><span style=\"color: #10397c;\">Finanzierung und Leasing<\/span><\/h3>\n<p style=\"text-align: justify;\">Unser Unternehmen erm\u00f6glicht einen individuellen Zugang jedes Kunden, aber auch eine finanzielle Unterst\u00fctzung f\u00fcr zuk\u00fcnftige Projekte.<\/p>\n<p style=\"text-align: justify;\">Ihr Erfolg ist unser Erfolg, demgem\u00e4\u00df sind wir bereit bei finanziellen Problemen immer zu helfen!<\/p>\n<p style=\"text-align: justify;\">Finanzierungsarten:<\/p>\n<ul>\n<li style=\"text-align: justify;\">Projektfinanzierung schl\u00fcsselfertiger Elektrizit\u00e4tswerke<\/li>\n<li style=\"text-align: justify;\">Leasing<\/li>\n<li style=\"text-align: justify;\">Finanzierung mit ausl\u00e4ndischem Kapital<\/li>\n<li style=\"text-align: justify;\">Europ\u00e4ische Export-Projektfinanzierung<\/li>\n<li style=\"text-align: justify;\">Finanzierung von Gemeinschaftsunternehmen<\/li>\n<li style=\"text-align: justify;\">Energiedienstleistungsauftr\u00e4ge<\/li>\n<\/ul>\n<p style=\"text-align: justify;\"><\/div><div class='clear_column'><\/div>\n<h4><img loading=\"lazy\" class=\"animated alignnone wp-image-504 size-full\" src=\"http:\/\/aes-int.com\/wp-content\/uploads\/2015\/04\/certificate.png\" alt=\"certificate\" width=\"54\" height=\"72\" \/>\u00a0 \u00a0<a title=\"certificate\" href=\"http:\/\/aes-int.com\/wp-content\/uploads\/2015\/04\/certificateAES-INT.COM_.zip\" target=\"_blank\" rel=\"noopener\">Zertifikate<\/a><\/h4>\n<p><\/p>","protected":false},"excerpt":{"rendered":"<p>Der Kunde ist stets im Mittelpunkt! Unser Unternehmen z\u00e4hlt zu den f\u00fchrenden Herstellern von Kraft-W\u00e4rme-Kopplung Kraftwerken mit herausragenden Dienstleistungen. Da der Kunde stets f\u00fcr uns im Mittelpunkt steht, erm\u00f6glichen wir die individuelle Erstellung von gew\u00fcnschten Projekten und die damit verbundenen Ausstattungen. Unsere hohe Verf\u00fcgbarkeit wie auch Sicherheit unseres Services erm\u00f6glicht schnelle Wartung und Reparatur. \u00a0 &hellip; <a href=\"https:\/\/aes-int.com\/de\/services\/\" class=\"more-link\">Continue reading <span class=\"screen-reader-text\">Dienstleistungen<\/span> <span class=\"meta-nav\">&rarr;<\/span><\/a><\/p>\n","protected":false},"author":1,"featured_media":0,"parent":0,"menu_order":0,"comment_status":"closed","ping_status":"closed","template":"","meta":[],"acf":[],"yoast_head":"<!-- This site is optimized with the Yoast SEO plugin v19.13 - https:\/\/yoast.com\/wordpress\/plugins\/seo\/ -->\n<title>\u0423\u0441\u043b\u0443\u0433\u0438<\/title>\n<meta name=\"description\" content=\"\u0421\u0442\u0440\u043e\u0438\u0442\u0435\u043b\u044c\u0441\u0442\u0432\u043e \u0422\u042d\u0426 \u042d\u043d\u0435\u0440\u0433\u043e\u0430\u0443\u0434\u0438\u0442 \u041f\u0440\u043e\u0435\u043a\u0442\u0438\u0440\u043e\u0432\u0430\u043d\u0438\u0435 \u041f\u043e\u0441\u0442\u0430\u0432\u043a\u0430 \u043e\u0431\u043e\u0440\u0443\u0434\u043e\u0432\u0430\u043d\u0438\u044f \u041c\u043e\u043d\u0442\u0430\u0436 \u0438 \u0448\u0435\u0444 \u043c\u043e\u043d\u0442\u0430\u0436 \u041e\u0431\u0443\u0447\u0435\u043d\u0438\u0435 \u043f\u0435\u0440\u0441\u043e\u043d\u0430\u043b\u0430 \u0421\u0435\u0440\u0432\u0438\u0441\u043d\u043e\u0435 \u043e\u0431\u0441\u043b\u0443\u0436\u0438\u0432\u0430\u043d\u0438\u0435 \u0424\u0438\u043d\u0430\u043d\u0441\u0438\u0440\u043e\u0432\u0430\u043d\u0438\u0435 \u0423\u0441\u043b\u0443\u0433\u0438\" \/>\n<meta name=\"robots\" content=\"index, follow, max-snippet:-1, max-image-preview:large, max-video-preview:-1\" \/>\n<link rel=\"canonical\" href=\"https:\/\/aes-int.com\/ru\/services\/\" \/>\n<meta property=\"og:locale\" content=\"de_DE\" \/>\n<meta property=\"og:type\" content=\"article\" \/>\n<meta property=\"og:title\" content=\"\u0423\u0441\u043b\u0443\u0433\u0438\" \/>\n<meta property=\"og:description\" content=\"\u0421\u0442\u0440\u043e\u0438\u0442\u0435\u043b\u044c\u0441\u0442\u0432\u043e \u0422\u042d\u0426 \u042d\u043d\u0435\u0440\u0433\u043e\u0430\u0443\u0434\u0438\u0442 \u041f\u0440\u043e\u0435\u043a\u0442\u0438\u0440\u043e\u0432\u0430\u043d\u0438\u0435 \u041f\u043e\u0441\u0442\u0430\u0432\u043a\u0430 \u043e\u0431\u043e\u0440\u0443\u0434\u043e\u0432\u0430\u043d\u0438\u044f \u041c\u043e\u043d\u0442\u0430\u0436 \u0438 \u0448\u0435\u0444 \u043c\u043e\u043d\u0442\u0430\u0436 \u041e\u0431\u0443\u0447\u0435\u043d\u0438\u0435 \u043f\u0435\u0440\u0441\u043e\u043d\u0430\u043b\u0430 \u0421\u0435\u0440\u0432\u0438\u0441\u043d\u043e\u0435 \u043e\u0431\u0441\u043b\u0443\u0436\u0438\u0432\u0430\u043d\u0438\u0435 \u0424\u0438\u043d\u0430\u043d\u0441\u0438\u0440\u043e\u0432\u0430\u043d\u0438\u0435 \u0423\u0441\u043b\u0443\u0433\u0438\" \/>\n<meta property=\"og:url\" content=\"https:\/\/aes-int.com\/ru\/services\/\" \/>\n<meta property=\"og:site_name\" content=\"Aes Int\" \/>\n<meta property=\"article:modified_time\" content=\"2024-06-17T11:57:49+00:00\" \/>\n<meta property=\"og:image\" content=\"http:\/\/aes-int.com\/wp-content\/uploads\/2015\/04\/key_yek.png\" \/>\n<meta name=\"twitter:card\" content=\"summary_large_image\" \/>\n<meta name=\"twitter:label1\" content=\"Gesch\u00e4tzte Lesezeit\" \/>\n\t<meta name=\"twitter:data1\" content=\"14 Minuten\" \/>\n<script type=\"application\/ld+json\" class=\"yoast-schema-graph\">{\"@context\":\"https:\/\/schema.org\",\"@graph\":[{\"@type\":\"WebPage\",\"@id\":\"https:\/\/aes-int.com\/ru\/services\/\",\"url\":\"https:\/\/aes-int.com\/ru\/services\/\",\"name\":\"\u0423\u0441\u043b\u0443\u0433\u0438\",\"isPartOf\":{\"@id\":\"https:\/\/aes-int.com\/#website\"},\"datePublished\":\"2015-04-23T09:33:50+00:00\",\"dateModified\":\"2024-06-17T11:57:49+00:00\",\"description\":\"\u0421\u0442\u0440\u043e\u0438\u0442\u0435\u043b\u044c\u0441\u0442\u0432\u043e \u0422\u042d\u0426 \u042d\u043d\u0435\u0440\u0433\u043e\u0430\u0443\u0434\u0438\u0442 \u041f\u0440\u043e\u0435\u043a\u0442\u0438\u0440\u043e\u0432\u0430\u043d\u0438\u0435 \u041f\u043e\u0441\u0442\u0430\u0432\u043a\u0430 \u043e\u0431\u043e\u0440\u0443\u0434\u043e\u0432\u0430\u043d\u0438\u044f \u041c\u043e\u043d\u0442\u0430\u0436 \u0438 \u0448\u0435\u0444 \u043c\u043e\u043d\u0442\u0430\u0436 \u041e\u0431\u0443\u0447\u0435\u043d\u0438\u0435 \u043f\u0435\u0440\u0441\u043e\u043d\u0430\u043b\u0430 \u0421\u0435\u0440\u0432\u0438\u0441\u043d\u043e\u0435 \u043e\u0431\u0441\u043b\u0443\u0436\u0438\u0432\u0430\u043d\u0438\u0435 \u0424\u0438\u043d\u0430\u043d\u0441\u0438\u0440\u043e\u0432\u0430\u043d\u0438\u0435 \u0423\u0441\u043b\u0443\u0433\u0438\",\"breadcrumb\":{\"@id\":\"https:\/\/aes-int.com\/ru\/services\/#breadcrumb\"},\"inLanguage\":\"de-DE\",\"potentialAction\":[{\"@type\":\"ReadAction\",\"target\":[\"https:\/\/aes-int.com\/ru\/services\/\"]}]},{\"@type\":\"BreadcrumbList\",\"@id\":\"https:\/\/aes-int.com\/ru\/services\/#breadcrumb\",\"itemListElement\":[{\"@type\":\"ListItem\",\"position\":1,\"name\":\"\u0413\u043b\u0430\u0432\u043d\u043e\u0435 \u043c\u0435\u043d\u044e\",\"item\":\"https:\/\/aes-int.com\/\"},{\"@type\":\"ListItem\",\"position\":2,\"name\":\"\u0423\u0441\u043b\u0443\u0433\u0438\"}]},{\"@type\":\"WebSite\",\"@id\":\"https:\/\/aes-int.com\/#website\",\"url\":\"https:\/\/aes-int.com\/\",\"name\":\"Aes Int\",\"description\":\"\",\"potentialAction\":[{\"@type\":\"SearchAction\",\"target\":{\"@type\":\"EntryPoint\",\"urlTemplate\":\"https:\/\/aes-int.com\/?s={search_term_string}\"},\"query-input\":\"required name=search_term_string\"}],\"inLanguage\":\"de-DE\"}]}<\/script>\n<!-- \/ Yoast SEO plugin. -->","yoast_head_json":{"title":"\u0423\u0441\u043b\u0443\u0433\u0438","description":"\u0421\u0442\u0440\u043e\u0438\u0442\u0435\u043b\u044c\u0441\u0442\u0432\u043e \u0422\u042d\u0426 \u042d\u043d\u0435\u0440\u0433\u043e\u0430\u0443\u0434\u0438\u0442 \u041f\u0440\u043e\u0435\u043a\u0442\u0438\u0440\u043e\u0432\u0430\u043d\u0438\u0435 \u041f\u043e\u0441\u0442\u0430\u0432\u043a\u0430 \u043e\u0431\u043e\u0440\u0443\u0434\u043e\u0432\u0430\u043d\u0438\u044f \u041c\u043e\u043d\u0442\u0430\u0436 \u0438 \u0448\u0435\u0444 \u043c\u043e\u043d\u0442\u0430\u0436 \u041e\u0431\u0443\u0447\u0435\u043d\u0438\u0435 \u043f\u0435\u0440\u0441\u043e\u043d\u0430\u043b\u0430 \u0421\u0435\u0440\u0432\u0438\u0441\u043d\u043e\u0435 \u043e\u0431\u0441\u043b\u0443\u0436\u0438\u0432\u0430\u043d\u0438\u0435 \u0424\u0438\u043d\u0430\u043d\u0441\u0438\u0440\u043e\u0432\u0430\u043d\u0438\u0435 \u0423\u0441\u043b\u0443\u0433\u0438","robots":{"index":"index","follow":"follow","max-snippet":"max-snippet:-1","max-image-preview":"max-image-preview:large","max-video-preview":"max-video-preview:-1"},"canonical":"https:\/\/aes-int.com\/ru\/services\/","og_locale":"de_DE","og_type":"article","og_title":"\u0423\u0441\u043b\u0443\u0433\u0438","og_description":"\u0421\u0442\u0440\u043e\u0438\u0442\u0435\u043b\u044c\u0441\u0442\u0432\u043e \u0422\u042d\u0426 \u042d\u043d\u0435\u0440\u0433\u043e\u0430\u0443\u0434\u0438\u0442 \u041f\u0440\u043e\u0435\u043a\u0442\u0438\u0440\u043e\u0432\u0430\u043d\u0438\u0435 \u041f\u043e\u0441\u0442\u0430\u0432\u043a\u0430 \u043e\u0431\u043e\u0440\u0443\u0434\u043e\u0432\u0430\u043d\u0438\u044f \u041c\u043e\u043d\u0442\u0430\u0436 \u0438 \u0448\u0435\u0444 \u043c\u043e\u043d\u0442\u0430\u0436 \u041e\u0431\u0443\u0447\u0435\u043d\u0438\u0435 \u043f\u0435\u0440\u0441\u043e\u043d\u0430\u043b\u0430 \u0421\u0435\u0440\u0432\u0438\u0441\u043d\u043e\u0435 \u043e\u0431\u0441\u043b\u0443\u0436\u0438\u0432\u0430\u043d\u0438\u0435 \u0424\u0438\u043d\u0430\u043d\u0441\u0438\u0440\u043e\u0432\u0430\u043d\u0438\u0435 \u0423\u0441\u043b\u0443\u0433\u0438","og_url":"https:\/\/aes-int.com\/ru\/services\/","og_site_name":"Aes Int","article_modified_time":"2024-06-17T11:57:49+00:00","og_image":[{"url":"http:\/\/aes-int.com\/wp-content\/uploads\/2015\/04\/key_yek.png"}],"twitter_card":"summary_large_image","twitter_misc":{"Gesch\u00e4tzte Lesezeit":"14 Minuten"},"schema":{"@context":"https:\/\/schema.org","@graph":[{"@type":"WebPage","@id":"https:\/\/aes-int.com\/ru\/services\/","url":"https:\/\/aes-int.com\/ru\/services\/","name":"\u0423\u0441\u043b\u0443\u0433\u0438","isPartOf":{"@id":"https:\/\/aes-int.com\/#website"},"datePublished":"2015-04-23T09:33:50+00:00","dateModified":"2024-06-17T11:57:49+00:00","description":"\u0421\u0442\u0440\u043e\u0438\u0442\u0435\u043b\u044c\u0441\u0442\u0432\u043e \u0422\u042d\u0426 \u042d\u043d\u0435\u0440\u0433\u043e\u0430\u0443\u0434\u0438\u0442 \u041f\u0440\u043e\u0435\u043a\u0442\u0438\u0440\u043e\u0432\u0430\u043d\u0438\u0435 \u041f\u043e\u0441\u0442\u0430\u0432\u043a\u0430 \u043e\u0431\u043e\u0440\u0443\u0434\u043e\u0432\u0430\u043d\u0438\u044f \u041c\u043e\u043d\u0442\u0430\u0436 \u0438 \u0448\u0435\u0444 \u043c\u043e\u043d\u0442\u0430\u0436 \u041e\u0431\u0443\u0447\u0435\u043d\u0438\u0435 \u043f\u0435\u0440\u0441\u043e\u043d\u0430\u043b\u0430 \u0421\u0435\u0440\u0432\u0438\u0441\u043d\u043e\u0435 \u043e\u0431\u0441\u043b\u0443\u0436\u0438\u0432\u0430\u043d\u0438\u0435 \u0424\u0438\u043d\u0430\u043d\u0441\u0438\u0440\u043e\u0432\u0430\u043d\u0438\u0435 \u0423\u0441\u043b\u0443\u0433\u0438","breadcrumb":{"@id":"https:\/\/aes-int.com\/ru\/services\/#breadcrumb"},"inLanguage":"de-DE","potentialAction":[{"@type":"ReadAction","target":["https:\/\/aes-int.com\/ru\/services\/"]}]},{"@type":"BreadcrumbList","@id":"https:\/\/aes-int.com\/ru\/services\/#breadcrumb","itemListElement":[{"@type":"ListItem","position":1,"name":"\u0413\u043b\u0430\u0432\u043d\u043e\u0435 \u043c\u0435\u043d\u044e","item":"https:\/\/aes-int.com\/"},{"@type":"ListItem","position":2,"name":"\u0423\u0441\u043b\u0443\u0433\u0438"}]},{"@type":"WebSite","@id":"https:\/\/aes-int.com\/#website","url":"https:\/\/aes-int.com\/","name":"Aes Int","description":"","potentialAction":[{"@type":"SearchAction","target":{"@type":"EntryPoint","urlTemplate":"https:\/\/aes-int.com\/?s={search_term_string}"},"query-input":"required name=search_term_string"}],"inLanguage":"de-DE"}]}},"_links":{"self":[{"href":"https:\/\/aes-int.com\/de\/wp-json\/wp\/v2\/pages\/17"}],"collection":[{"href":"https:\/\/aes-int.com\/de\/wp-json\/wp\/v2\/pages"}],"about":[{"href":"https:\/\/aes-int.com\/de\/wp-json\/wp\/v2\/types\/page"}],"author":[{"embeddable":true,"href":"https:\/\/aes-int.com\/de\/wp-json\/wp\/v2\/users\/1"}],"replies":[{"embeddable":true,"href":"https:\/\/aes-int.com\/de\/wp-json\/wp\/v2\/comments?post=17"}],"version-history":[{"count":88,"href":"https:\/\/aes-int.com\/de\/wp-json\/wp\/v2\/pages\/17\/revisions"}],"predecessor-version":[{"id":7419,"href":"https:\/\/aes-int.com\/de\/wp-json\/wp\/v2\/pages\/17\/revisions\/7419"}],"wp:attachment":[{"href":"https:\/\/aes-int.com\/de\/wp-json\/wp\/v2\/media?parent=17"}],"curies":[{"name":"wp","href":"https:\/\/api.w.org\/{rel}","templated":true}]}}