{"id":19,"date":"2015-04-23T09:48:01","date_gmt":"2015-04-23T09:48:01","guid":{"rendered":"http:\/\/aes-int.com\/?page_id=19"},"modified":"2024-05-29T12:34:28","modified_gmt":"2024-05-29T12:34:28","slug":"about-us","status":"publish","type":"page","link":"https:\/\/aes-int.com\/de\/about-us\/","title":{"rendered":"\u00dcber Uns"},"content":{"rendered":"<p>Das Unternehmen \u201eAustro Energy Systems Int. AG\u201c z\u00e4hlt schon seit \u00fcber 12 Jahren zu den f\u00fchrenden Herstellern von Kraft-W\u00e4rme-Kraftwerken in \u00d6sterreich. Unser Unternehmen hat eine Vielzahl an Projekten mit einer Gesamtkapazit\u00e4t von \u00fcber 250 MW realisiert. Eines unserer wichtigsten Prinzipien ist eine effiziente und \u00f6kologische Nutzung der Energieressourcen.<\/p>\n<p>Wir bieten L\u00f6sungen f\u00fcr die kombinierte Erzeugnis von Strom, W\u00e4rme und K\u00e4lte, sowie Planung, Installation, Inbetriebnahme, Schulung und Service.<\/p>\n<p>Wir unterscheiden uns von gleichartigen Unternehmen, indem wir als Hersteller von Anlagen auch schl\u00fcsselfertige Projekte realisieren. Dies verringert ein m\u00f6gliches Projektrisiko.<\/p>\n<p>Bei etwaigen Fragen und W\u00fcnschen, kontaktieren Sie uns auf unserer Website und wir werden umgehend mit Ihnen Kontakt aufnehmen.<\/p>\n<p><\/p>","protected":false},"excerpt":{"rendered":"<p>Das Unternehmen \u201eAustro Energy Systems Int. AG\u201c z\u00e4hlt schon seit \u00fcber 12 Jahren zu den f\u00fchrenden Herstellern von Kraft-W\u00e4rme-Kraftwerken in \u00d6sterreich. Unser Unternehmen hat eine Vielzahl an Projekten mit einer Gesamtkapazit\u00e4t von \u00fcber 250 MW realisiert. Eines unserer wichtigsten Prinzipien ist eine effiziente und \u00f6kologische Nutzung der Energieressourcen. Wir bieten L\u00f6sungen f\u00fcr die kombinierte Erzeugnis &hellip; <a href=\"https:\/\/aes-int.com\/de\/about-us\/\" class=\"more-link\">Continue reading <span class=\"screen-reader-text\">\u00dcber Uns<\/span> <span class=\"meta-nav\">&rarr;<\/span><\/a><\/p>\n","protected":false},"author":1,"featured_media":0,"parent":0,"menu_order":0,"comment_status":"closed","ping_status":"closed","template":"","meta":[],"acf":[],"yoast_head":"<!-- This site is optimized with the Yoast SEO plugin v19.13 - https:\/\/yoast.com\/wordpress\/plugins\/seo\/ -->\n<title>About Us<\/title>\n<meta name=\"description\" content=\"\u0438\u043d\u0436\u0438\u043d\u0438\u0440\u0438\u043d\u0433\u043e\u0432\u0430\u044f \u043a\u043e\u043c\u043f\u0430\u043d\u0438\u044f, \u041f\u0440\u043e\u0438\u0437\u0432\u043e\u0434\u0438\u0442\u0435\u043b\u044c \u043e\u0431\u043e\u0440\u0443\u0434\u043e\u0432\u0430\u043d\u0438\u044f, \u041a\u043e\u0433\u0435\u043d\u0435\u0440\u0430\u0446\u0438\u044f, \u041a\u043e\u0433\u0435\u043d\u0435\u0440\u0430\u0446\u0438\u043e\u043d\u043d\u044b\u0435 \u0441\u0438\u0441\u0442\u0435\u043c\u044b, \u042d\u043b\u0435\u043a\u0442\u0440\u043e\u044d\u043d\u0435\u0440\u0433\u0438\u044f, \u0422\u0435\u043f\u043b\u043e \u042d\u043d\u0435\u0440\u0433\u0438\u044f \u041f\u043e\u0434 \u043a\u043b\u044e\u0447 About Us \u041e \u043d\u0430\u0441 \u0441\u0435\u0440\u0442\u0438\u0444\u0438\u043a\u0430\u0442\u044b\" \/>\n<meta name=\"robots\" content=\"index, follow, max-snippet:-1, max-image-preview:large, max-video-preview:-1\" \/>\n<link rel=\"canonical\" href=\"https:\/\/aes-int.com\/de\/about-us\/\" \/>\n<meta property=\"og:locale\" content=\"de_DE\" \/>\n<meta property=\"og:type\" content=\"article\" \/>\n<meta property=\"og:title\" content=\"About Us\" \/>\n<meta property=\"og:description\" content=\"\u0438\u043d\u0436\u0438\u043d\u0438\u0440\u0438\u043d\u0433\u043e\u0432\u0430\u044f \u043a\u043e\u043c\u043f\u0430\u043d\u0438\u044f, \u041f\u0440\u043e\u0438\u0437\u0432\u043e\u0434\u0438\u0442\u0435\u043b\u044c \u043e\u0431\u043e\u0440\u0443\u0434\u043e\u0432\u0430\u043d\u0438\u044f, \u041a\u043e\u0433\u0435\u043d\u0435\u0440\u0430\u0446\u0438\u044f, \u041a\u043e\u0433\u0435\u043d\u0435\u0440\u0430\u0446\u0438\u043e\u043d\u043d\u044b\u0435 \u0441\u0438\u0441\u0442\u0435\u043c\u044b, \u042d\u043b\u0435\u043a\u0442\u0440\u043e\u044d\u043d\u0435\u0440\u0433\u0438\u044f, \u0422\u0435\u043f\u043b\u043e \u042d\u043d\u0435\u0440\u0433\u0438\u044f \u041f\u043e\u0434 \u043a\u043b\u044e\u0447 About Us \u041e \u043d\u0430\u0441 \u0441\u0435\u0440\u0442\u0438\u0444\u0438\u043a\u0430\u0442\u044b\" \/>\n<meta property=\"og:url\" content=\"https:\/\/aes-int.com\/de\/about-us\/\" \/>\n<meta property=\"og:site_name\" content=\"Aes Int\" \/>\n<meta property=\"article:modified_time\" content=\"2024-05-29T12:34:28+00:00\" \/>\n<meta name=\"twitter:card\" content=\"summary_large_image\" \/>\n<meta name=\"twitter:label1\" content=\"Gesch\u00e4tzte Lesezeit\" \/>\n\t<meta name=\"twitter:data1\" content=\"2 Minuten\" \/>\n<script type=\"application\/ld+json\" class=\"yoast-schema-graph\">{\"@context\":\"https:\/\/schema.org\",\"@graph\":[{\"@type\":\"WebPage\",\"@id\":\"https:\/\/aes-int.com\/de\/about-us\/\",\"url\":\"https:\/\/aes-int.com\/de\/about-us\/\",\"name\":\"About Us\",\"isPartOf\":{\"@id\":\"https:\/\/aes-int.com\/#website\"},\"datePublished\":\"2015-04-23T09:48:01+00:00\",\"dateModified\":\"2024-05-29T12:34:28+00:00\",\"description\":\"\u0438\u043d\u0436\u0438\u043d\u0438\u0440\u0438\u043d\u0433\u043e\u0432\u0430\u044f \u043a\u043e\u043c\u043f\u0430\u043d\u0438\u044f, \u041f\u0440\u043e\u0438\u0437\u0432\u043e\u0434\u0438\u0442\u0435\u043b\u044c \u043e\u0431\u043e\u0440\u0443\u0434\u043e\u0432\u0430\u043d\u0438\u044f, \u041a\u043e\u0433\u0435\u043d\u0435\u0440\u0430\u0446\u0438\u044f, \u041a\u043e\u0433\u0435\u043d\u0435\u0440\u0430\u0446\u0438\u043e\u043d\u043d\u044b\u0435 \u0441\u0438\u0441\u0442\u0435\u043c\u044b, \u042d\u043b\u0435\u043a\u0442\u0440\u043e\u044d\u043d\u0435\u0440\u0433\u0438\u044f, \u0422\u0435\u043f\u043b\u043e \u042d\u043d\u0435\u0440\u0433\u0438\u044f \u041f\u043e\u0434 \u043a\u043b\u044e\u0447 About Us \u041e \u043d\u0430\u0441 \u0441\u0435\u0440\u0442\u0438\u0444\u0438\u043a\u0430\u0442\u044b\",\"breadcrumb\":{\"@id\":\"https:\/\/aes-int.com\/de\/about-us\/#breadcrumb\"},\"inLanguage\":\"de-DE\",\"potentialAction\":[{\"@type\":\"ReadAction\",\"target\":[\"https:\/\/aes-int.com\/de\/about-us\/\"]}]},{\"@type\":\"BreadcrumbList\",\"@id\":\"https:\/\/aes-int.com\/de\/about-us\/#breadcrumb\",\"itemListElement\":[{\"@type\":\"ListItem\",\"position\":1,\"name\":\"\u0413\u043b\u0430\u0432\u043d\u043e\u0435 \u043c\u0435\u043d\u044e\",\"item\":\"https:\/\/aes-int.com\/\"},{\"@type\":\"ListItem\",\"position\":2,\"name\":\"\u00dcber Uns\"}]},{\"@type\":\"WebSite\",\"@id\":\"https:\/\/aes-int.com\/#website\",\"url\":\"https:\/\/aes-int.com\/\",\"name\":\"Aes Int\",\"description\":\"\",\"potentialAction\":[{\"@type\":\"SearchAction\",\"target\":{\"@type\":\"EntryPoint\",\"urlTemplate\":\"https:\/\/aes-int.com\/?s={search_term_string}\"},\"query-input\":\"required name=search_term_string\"}],\"inLanguage\":\"de-DE\"}]}<\/script>\n<!-- \/ Yoast SEO plugin. -->","yoast_head_json":{"title":"About Us","description":"\u0438\u043d\u0436\u0438\u043d\u0438\u0440\u0438\u043d\u0433\u043e\u0432\u0430\u044f \u043a\u043e\u043c\u043f\u0430\u043d\u0438\u044f, \u041f\u0440\u043e\u0438\u0437\u0432\u043e\u0434\u0438\u0442\u0435\u043b\u044c \u043e\u0431\u043e\u0440\u0443\u0434\u043e\u0432\u0430\u043d\u0438\u044f, \u041a\u043e\u0433\u0435\u043d\u0435\u0440\u0430\u0446\u0438\u044f, \u041a\u043e\u0433\u0435\u043d\u0435\u0440\u0430\u0446\u0438\u043e\u043d\u043d\u044b\u0435 \u0441\u0438\u0441\u0442\u0435\u043c\u044b, \u042d\u043b\u0435\u043a\u0442\u0440\u043e\u044d\u043d\u0435\u0440\u0433\u0438\u044f, \u0422\u0435\u043f\u043b\u043e \u042d\u043d\u0435\u0440\u0433\u0438\u044f \u041f\u043e\u0434 \u043a\u043b\u044e\u0447 About Us \u041e \u043d\u0430\u0441 \u0441\u0435\u0440\u0442\u0438\u0444\u0438\u043a\u0430\u0442\u044b","robots":{"index":"index","follow":"follow","max-snippet":"max-snippet:-1","max-image-preview":"max-image-preview:large","max-video-preview":"max-video-preview:-1"},"canonical":"https:\/\/aes-int.com\/de\/about-us\/","og_locale":"de_DE","og_type":"article","og_title":"About Us","og_description":"\u0438\u043d\u0436\u0438\u043d\u0438\u0440\u0438\u043d\u0433\u043e\u0432\u0430\u044f \u043a\u043e\u043c\u043f\u0430\u043d\u0438\u044f, \u041f\u0440\u043e\u0438\u0437\u0432\u043e\u0434\u0438\u0442\u0435\u043b\u044c \u043e\u0431\u043e\u0440\u0443\u0434\u043e\u0432\u0430\u043d\u0438\u044f, \u041a\u043e\u0433\u0435\u043d\u0435\u0440\u0430\u0446\u0438\u044f, \u041a\u043e\u0433\u0435\u043d\u0435\u0440\u0430\u0446\u0438\u043e\u043d\u043d\u044b\u0435 \u0441\u0438\u0441\u0442\u0435\u043c\u044b, \u042d\u043b\u0435\u043a\u0442\u0440\u043e\u044d\u043d\u0435\u0440\u0433\u0438\u044f, \u0422\u0435\u043f\u043b\u043e \u042d\u043d\u0435\u0440\u0433\u0438\u044f \u041f\u043e\u0434 \u043a\u043b\u044e\u0447 About Us \u041e \u043d\u0430\u0441 \u0441\u0435\u0440\u0442\u0438\u0444\u0438\u043a\u0430\u0442\u044b","og_url":"https:\/\/aes-int.com\/de\/about-us\/","og_site_name":"Aes Int","article_modified_time":"2024-05-29T12:34:28+00:00","twitter_card":"summary_large_image","twitter_misc":{"Gesch\u00e4tzte Lesezeit":"2 Minuten"},"schema":{"@context":"https:\/\/schema.org","@graph":[{"@type":"WebPage","@id":"https:\/\/aes-int.com\/de\/about-us\/","url":"https:\/\/aes-int.com\/de\/about-us\/","name":"About Us","isPartOf":{"@id":"https:\/\/aes-int.com\/#website"},"datePublished":"2015-04-23T09:48:01+00:00","dateModified":"2024-05-29T12:34:28+00:00","description":"\u0438\u043d\u0436\u0438\u043d\u0438\u0440\u0438\u043d\u0433\u043e\u0432\u0430\u044f \u043a\u043e\u043c\u043f\u0430\u043d\u0438\u044f, \u041f\u0440\u043e\u0438\u0437\u0432\u043e\u0434\u0438\u0442\u0435\u043b\u044c \u043e\u0431\u043e\u0440\u0443\u0434\u043e\u0432\u0430\u043d\u0438\u044f, \u041a\u043e\u0433\u0435\u043d\u0435\u0440\u0430\u0446\u0438\u044f, \u041a\u043e\u0433\u0435\u043d\u0435\u0440\u0430\u0446\u0438\u043e\u043d\u043d\u044b\u0435 \u0441\u0438\u0441\u0442\u0435\u043c\u044b, \u042d\u043b\u0435\u043a\u0442\u0440\u043e\u044d\u043d\u0435\u0440\u0433\u0438\u044f, \u0422\u0435\u043f\u043b\u043e \u042d\u043d\u0435\u0440\u0433\u0438\u044f \u041f\u043e\u0434 \u043a\u043b\u044e\u0447 About Us \u041e \u043d\u0430\u0441 \u0441\u0435\u0440\u0442\u0438\u0444\u0438\u043a\u0430\u0442\u044b","breadcrumb":{"@id":"https:\/\/aes-int.com\/de\/about-us\/#breadcrumb"},"inLanguage":"de-DE","potentialAction":[{"@type":"ReadAction","target":["https:\/\/aes-int.com\/de\/about-us\/"]}]},{"@type":"BreadcrumbList","@id":"https:\/\/aes-int.com\/de\/about-us\/#breadcrumb","itemListElement":[{"@type":"ListItem","position":1,"name":"\u0413\u043b\u0430\u0432\u043d\u043e\u0435 \u043c\u0435\u043d\u044e","item":"https:\/\/aes-int.com\/"},{"@type":"ListItem","position":2,"name":"\u00dcber Uns"}]},{"@type":"WebSite","@id":"https:\/\/aes-int.com\/#website","url":"https:\/\/aes-int.com\/","name":"Aes Int","description":"","potentialAction":[{"@type":"SearchAction","target":{"@type":"EntryPoint","urlTemplate":"https:\/\/aes-int.com\/?s={search_term_string}"},"query-input":"required name=search_term_string"}],"inLanguage":"de-DE"}]}},"_links":{"self":[{"href":"https:\/\/aes-int.com\/de\/wp-json\/wp\/v2\/pages\/19"}],"collection":[{"href":"https:\/\/aes-int.com\/de\/wp-json\/wp\/v2\/pages"}],"about":[{"href":"https:\/\/aes-int.com\/de\/wp-json\/wp\/v2\/types\/page"}],"author":[{"embeddable":true,"href":"https:\/\/aes-int.com\/de\/wp-json\/wp\/v2\/users\/1"}],"replies":[{"embeddable":true,"href":"https:\/\/aes-int.com\/de\/wp-json\/wp\/v2\/comments?post=19"}],"version-history":[{"count":45,"href":"https:\/\/aes-int.com\/de\/wp-json\/wp\/v2\/pages\/19\/revisions"}],"predecessor-version":[{"id":7412,"href":"https:\/\/aes-int.com\/de\/wp-json\/wp\/v2\/pages\/19\/revisions\/7412"}],"wp:attachment":[{"href":"https:\/\/aes-int.com\/de\/wp-json\/wp\/v2\/media?parent=19"}],"curies":[{"name":"wp","href":"https:\/\/api.w.org\/{rel}","templated":true}]}}