{"id":354,"date":"2015-05-07T09:36:12","date_gmt":"2015-05-07T09:36:12","guid":{"rendered":"http:\/\/aes-int.com\/?page_id=354"},"modified":"2015-07-30T07:50:03","modified_gmt":"2015-07-30T07:50:03","slug":"turbine-installation","status":"publish","type":"page","link":"https:\/\/aes-int.com\/de\/turbine-installation\/","title":{"rendered":"Gasturbinenanlagen"},"content":{"rendered":"<p><\/p>\n<p style=\"text-align: justify;\"><div class='content-column one_half'><p style=\"text-align: justify;\"><img loading=\"lazy\" class=\" size-full wp-image-479 alignleft\" src=\"http:\/\/aes-int.com\/wp-content\/uploads\/2015\/05\/aero-derivative_gas_turbine_03.jpg\" alt=\"aero-derivative_gas_turbine_03\" width=\"225\" height=\"170\" \/>Das Unternehmen\u00a0Austro Energy Systems bietet\u00a0Dienstleistungen im Bereich Projektierung, Montage und Lieferung von elektrischen Gasturbinen.<\/p>\n<p style=\"text-align: justify;\">Die von uns bew\u00e4hrte Konstruktion von Gasturbinenanlagen sorgt f\u00fcr Zuverl\u00e4ssigkeit, Kompaktheit und Effizienz der Anwendung in verschiedensten Bereichen.<\/p>\n<p style=\"text-align: justify;\">Unser Unternehmen bietet Ihnen Installationen auf h\u00f6hstem Niveau mit einer elektrischen Leistung von 2 MW bis 120 in Modularer- und Containerbauweise.<\/p>\n<p style=\"text-align: justify;\"><\/div><\/p>\n<p style=\"text-align: justify;\"><div class='content-column one_half last_column'><p style=\"text-align: justify;\">Die Leistung der Turbinenanlage sticht durch ihre Drehgeschwindigkeit (Drehzahl) der Turbinenwelle, ihrer Vakuumgr\u00f6\u00dfe und dem Wasserniveau im Kondensator, hervor.<\/p>\n<p style=\"text-align: justify;\">Bei Turbinenanlagen sind neben der automatischen Steuerung (Drehzahl, Dampfdruck bei der Abnahme und Abdichtung, des Vakuums und dem Stand der Kondensatoren) Anwendungen verschiedenster Arten von automatischer Sicherung, Autroblockierung, automatische Kontrolle und Berechnung der Turboanlage, Fernsteuerung aller Hilfsmaschinen und Abschlussk\u00f6rpern.<\/p>\n<p style=\"text-align: justify;\">Das f\u00fchrt zu einer vollautomatischen Steuerung und Notschaltung schnellg\u00e4ngiger Abk\u00fchlreduzierstation.<\/p>\n<p style=\"text-align: justify;\"><\/div><div class='clear_column'><\/div><\/p>\n<p><\/p>","protected":false},"excerpt":{"rendered":"","protected":false},"author":1,"featured_media":368,"parent":0,"menu_order":0,"comment_status":"closed","ping_status":"closed","template":"","meta":[],"acf":[],"yoast_head":"<!-- This site is optimized with the Yoast SEO plugin v19.13 - https:\/\/yoast.com\/wordpress\/plugins\/seo\/ -->\n<title>Gasturbinenanlagen - Aes Int<\/title>\n<meta name=\"robots\" content=\"index, follow, max-snippet:-1, max-image-preview:large, max-video-preview:-1\" \/>\n<link rel=\"canonical\" href=\"https:\/\/aes-int.com\/ru\/turbine-installation\/\" \/>\n<meta property=\"og:locale\" content=\"de_DE\" \/>\n<meta property=\"og:type\" content=\"article\" \/>\n<meta property=\"og:title\" content=\"[:de]Gasturbinenanlagen[:en]Gas turbine installations[:ru]\u0413\u0430\u0437\u043e-\u0442\u0443\u0440\u0431\u0438\u043d\u043d\u044b\u0435 \u0423\u0441\u0442\u0430\u043d\u043e\u0432\u043a\u0438[:] - Aes Int\" \/>\n<meta property=\"og:url\" content=\"https:\/\/aes-int.com\/ru\/turbine-installation\/\" \/>\n<meta property=\"og:site_name\" content=\"Aes Int\" \/>\n<meta property=\"article:modified_time\" content=\"2015-07-30T07:50:03+00:00\" \/>\n<meta property=\"og:image\" content=\"https:\/\/aes-int.com\/wp-content\/uploads\/2015\/05\/trans-e1436881293263.jpg\" \/>\n\t<meta property=\"og:image:width\" content=\"300\" \/>\n\t<meta property=\"og:image:height\" content=\"225\" \/>\n\t<meta property=\"og:image:type\" content=\"image\/jpeg\" \/>\n<meta name=\"twitter:card\" content=\"summary_large_image\" \/>\n<meta name=\"twitter:label1\" content=\"Gesch\u00e4tzte Lesezeit\" \/>\n\t<meta name=\"twitter:data1\" content=\"1 Minute\" \/>\n<script type=\"application\/ld+json\" class=\"yoast-schema-graph\">{\"@context\":\"https:\/\/schema.org\",\"@graph\":[{\"@type\":\"WebPage\",\"@id\":\"https:\/\/aes-int.com\/ru\/turbine-installation\/\",\"url\":\"https:\/\/aes-int.com\/ru\/turbine-installation\/\",\"name\":\"[:de]Gasturbinenanlagen[:en]Gas turbine installations[:ru]\u0413\u0430\u0437\u043e-\u0442\u0443\u0440\u0431\u0438\u043d\u043d\u044b\u0435 \u0423\u0441\u0442\u0430\u043d\u043e\u0432\u043a\u0438[:] - Aes Int\",\"isPartOf\":{\"@id\":\"https:\/\/aes-int.com\/#website\"},\"datePublished\":\"2015-05-07T09:36:12+00:00\",\"dateModified\":\"2015-07-30T07:50:03+00:00\",\"breadcrumb\":{\"@id\":\"https:\/\/aes-int.com\/ru\/turbine-installation\/#breadcrumb\"},\"inLanguage\":\"de-DE\",\"potentialAction\":[{\"@type\":\"ReadAction\",\"target\":[\"https:\/\/aes-int.com\/ru\/turbine-installation\/\"]}]},{\"@type\":\"BreadcrumbList\",\"@id\":\"https:\/\/aes-int.com\/ru\/turbine-installation\/#breadcrumb\",\"itemListElement\":[{\"@type\":\"ListItem\",\"position\":1,\"name\":\"\u0413\u043b\u0430\u0432\u043d\u043e\u0435 \u043c\u0435\u043d\u044e\",\"item\":\"https:\/\/aes-int.com\/\"},{\"@type\":\"ListItem\",\"position\":2,\"name\":\"\u0413\u0430\u0437\u043e-\u0442\u0443\u0440\u0431\u0438\u043d\u043d\u044b\u0435 \u0423\u0441\u0442\u0430\u043d\u043e\u0432\u043a\u0438\"}]},{\"@type\":\"WebSite\",\"@id\":\"https:\/\/aes-int.com\/#website\",\"url\":\"https:\/\/aes-int.com\/\",\"name\":\"Aes Int\",\"description\":\"\",\"potentialAction\":[{\"@type\":\"SearchAction\",\"target\":{\"@type\":\"EntryPoint\",\"urlTemplate\":\"https:\/\/aes-int.com\/?s={search_term_string}\"},\"query-input\":\"required name=search_term_string\"}],\"inLanguage\":\"de-DE\"}]}<\/script>\n<!-- \/ Yoast SEO plugin. -->","yoast_head_json":{"title":"[:de]Gasturbinenanlagen[:en]Gas turbine installations[:ru]\u0413\u0430\u0437\u043e-\u0442\u0443\u0440\u0431\u0438\u043d\u043d\u044b\u0435 \u0423\u0441\u0442\u0430\u043d\u043e\u0432\u043a\u0438[:] - Aes Int","robots":{"index":"index","follow":"follow","max-snippet":"max-snippet:-1","max-image-preview":"max-image-preview:large","max-video-preview":"max-video-preview:-1"},"canonical":"https:\/\/aes-int.com\/ru\/turbine-installation\/","og_locale":"de_DE","og_type":"article","og_title":"[:de]Gasturbinenanlagen[:en]Gas turbine installations[:ru]\u0413\u0430\u0437\u043e-\u0442\u0443\u0440\u0431\u0438\u043d\u043d\u044b\u0435 \u0423\u0441\u0442\u0430\u043d\u043e\u0432\u043a\u0438[:] - Aes Int","og_url":"https:\/\/aes-int.com\/ru\/turbine-installation\/","og_site_name":"Aes Int","article_modified_time":"2015-07-30T07:50:03+00:00","og_image":[{"width":300,"height":225,"url":"https:\/\/aes-int.com\/wp-content\/uploads\/2015\/05\/trans-e1436881293263.jpg","type":"image\/jpeg"}],"twitter_card":"summary_large_image","twitter_misc":{"Gesch\u00e4tzte Lesezeit":"1 Minute"},"schema":{"@context":"https:\/\/schema.org","@graph":[{"@type":"WebPage","@id":"https:\/\/aes-int.com\/ru\/turbine-installation\/","url":"https:\/\/aes-int.com\/ru\/turbine-installation\/","name":"[:de]Gasturbinenanlagen[:en]Gas turbine installations[:ru]\u0413\u0430\u0437\u043e-\u0442\u0443\u0440\u0431\u0438\u043d\u043d\u044b\u0435 \u0423\u0441\u0442\u0430\u043d\u043e\u0432\u043a\u0438[:] - Aes Int","isPartOf":{"@id":"https:\/\/aes-int.com\/#website"},"datePublished":"2015-05-07T09:36:12+00:00","dateModified":"2015-07-30T07:50:03+00:00","breadcrumb":{"@id":"https:\/\/aes-int.com\/ru\/turbine-installation\/#breadcrumb"},"inLanguage":"de-DE","potentialAction":[{"@type":"ReadAction","target":["https:\/\/aes-int.com\/ru\/turbine-installation\/"]}]},{"@type":"BreadcrumbList","@id":"https:\/\/aes-int.com\/ru\/turbine-installation\/#breadcrumb","itemListElement":[{"@type":"ListItem","position":1,"name":"\u0413\u043b\u0430\u0432\u043d\u043e\u0435 \u043c\u0435\u043d\u044e","item":"https:\/\/aes-int.com\/"},{"@type":"ListItem","position":2,"name":"\u0413\u0430\u0437\u043e-\u0442\u0443\u0440\u0431\u0438\u043d\u043d\u044b\u0435 \u0423\u0441\u0442\u0430\u043d\u043e\u0432\u043a\u0438"}]},{"@type":"WebSite","@id":"https:\/\/aes-int.com\/#website","url":"https:\/\/aes-int.com\/","name":"Aes Int","description":"","potentialAction":[{"@type":"SearchAction","target":{"@type":"EntryPoint","urlTemplate":"https:\/\/aes-int.com\/?s={search_term_string}"},"query-input":"required name=search_term_string"}],"inLanguage":"de-DE"}]}},"_links":{"self":[{"href":"https:\/\/aes-int.com\/de\/wp-json\/wp\/v2\/pages\/354"}],"collection":[{"href":"https:\/\/aes-int.com\/de\/wp-json\/wp\/v2\/pages"}],"about":[{"href":"https:\/\/aes-int.com\/de\/wp-json\/wp\/v2\/types\/page"}],"author":[{"embeddable":true,"href":"https:\/\/aes-int.com\/de\/wp-json\/wp\/v2\/users\/1"}],"replies":[{"embeddable":true,"href":"https:\/\/aes-int.com\/de\/wp-json\/wp\/v2\/comments?post=354"}],"version-history":[{"count":23,"href":"https:\/\/aes-int.com\/de\/wp-json\/wp\/v2\/pages\/354\/revisions"}],"predecessor-version":[{"id":1012,"href":"https:\/\/aes-int.com\/de\/wp-json\/wp\/v2\/pages\/354\/revisions\/1012"}],"wp:featuredmedia":[{"embeddable":true,"href":"https:\/\/aes-int.com\/de\/wp-json\/wp\/v2\/media\/368"}],"wp:attachment":[{"href":"https:\/\/aes-int.com\/de\/wp-json\/wp\/v2\/media?parent=354"}],"curies":[{"name":"wp","href":"https:\/\/api.w.org\/{rel}","templated":true}]}}