{"id":356,"date":"2015-05-07T09:41:34","date_gmt":"2015-05-07T09:41:34","guid":{"rendered":"http:\/\/aes-int.com\/?page_id=356"},"modified":"2015-07-29T15:58:18","modified_gmt":"2015-07-29T15:58:18","slug":"water-heaters","status":"publish","type":"page","link":"https:\/\/aes-int.com\/de\/water-heaters\/","title":{"rendered":"Die Wasserw\u00e4rmer"},"content":{"rendered":"<p>AESI AG bieten Ihnen eine individuelle L\u00f6sung f\u00fcr die effiziente Produktion von W\u00e4rmeenergie, auf Basis von Hei\u00dfwasserkessel und Kessel, im Leistungsbereich von 650 bis 38.000 kW an. Wir sind erfreut, gemeinsam mit dem Unternehmen Bosch zusammenarbeiten zu d\u00fcrfen.<\/p>\n<section class=\"text_accordion_block\">\n<section class=\"accordion_header\">\n<div><i><\/i>\u00a0<strong>UNIMAT Heizkessel UT-L<\/strong><\/div>\n<\/section>\n<section class=\"accordion_text\">\n<div>\u00a0<img loading=\"lazy\" class=\"  wp-image-447 aligncenter\" src=\"http:\/\/aes-int.com\/wp-content\/uploads\/2015\/05\/UT-L.jpg\" alt=\"UT-L\" width=\"183\" height=\"141\" \/><\/div>\n<div>Verf\u00fcgbar in verschiedener Leistungsbereichen von 650 bis zu 19200 Kilogramm pro Stunde.<\/div>\n<div>\n<section class=\"text_accordion_block\">\n<section class=\"accordion_header\">\n<div><i><\/i>\u00a0<strong>\u00a0Technische Daten<\/strong><\/div>\n<\/section>\n<section class=\"accordion_text\">\n<table style=\"height: 234px;\" width=\"429\">\n<thead>\n<tr>\n<td><strong>Typ<\/strong><\/td>\n<td><strong>UNIMAT UT-L<\/strong><\/td>\n<\/tr>\n<\/thead>\n<tbody>\n<tr>\n<td>W\u00e4rmetr\u00e4ger<\/td>\n<td>Niederdruck-Hei\u00dfwasser<\/td>\n<\/tr>\n<tr>\n<td>Bauart<\/td>\n<td>Dreizug-Flammrohr-Rauchrohrtechnik<\/td>\n<\/tr>\n<tr>\n<td>Leistung<\/td>\n<td>650 bis 19.200 kW<\/td>\n<\/tr>\n<tr>\n<td>Absicherungs\u00fcberdruck<\/td>\n<td>bis 16\u00a0bar<\/td>\n<\/tr>\n<tr>\n<td>Max. Temperatur<\/td>\n<td>bis 120\u00a0\u00b0C<\/td>\n<\/tr>\n<tr>\n<td>Brennstoff<\/td>\n<td>\u00d6l, Gas<\/td>\n<\/tr>\n<\/tbody>\n<\/table>\n<\/section>\n<\/section>\n<\/div>\n<\/section>\n<\/section>\n<section class=\"text_accordion_block\">\n<section class=\"accordion_header\">\n<div><i><\/i>\u00a0<strong>UNIMAT Hei\u00dfwasserkessel UT-M<\/strong><\/div>\n<\/section>\n<section class=\"accordion_text\">\n<div>\u00a0<img loading=\"lazy\" class=\"  wp-image-448 aligncenter\" src=\"http:\/\/aes-int.com\/wp-content\/uploads\/2015\/05\/UT-M.jpg\" alt=\"UT-M\" width=\"182\" height=\"140\" \/>Der Kesseltyp UT-M ist eine Weiterentwicklung der erfolgreichen UT-Kesselkonstruktion. Er findet bei mittleren bis hohen Temperaturanforderungen sein Einsatzgebiet.<\/div>\n<div><\/div>\n<div>\n<section class=\"text_accordion_block\">\n<section class=\"accordion_header\">\n<div><i><\/i>\u00a0<strong>Technische Daten<\/strong><\/div>\n<\/section>\n<section class=\"accordion_text\">\n<div>\n<table style=\"height: 270px;\" width=\"429\">\n<thead>\n<tr>\n<td><strong>Typ<\/strong><\/td>\n<td><strong>UNIMAT UT-M<\/strong><\/td>\n<\/tr>\n<\/thead>\n<tbody>\n<tr>\n<td>W\u00e4rmetr\u00e4ger<\/td>\n<td>Hochdruck-Hei\u00dfwasser<\/td>\n<\/tr>\n<tr>\n<td>Bauart<\/td>\n<td>Dreizug-Flammrohr-Rauchrohrtechnik<\/td>\n<\/tr>\n<tr>\n<td>Leistung<\/td>\n<td>750 bis 19.200 kW<\/td>\n<\/tr>\n<tr>\n<td>Absicherungs\u00fcberdruck<\/td>\n<td>bis 16 bar<\/td>\n<\/tr>\n<tr>\n<td>Max. Temperatur<\/td>\n<td>bis 190 \u00b0C<\/td>\n<\/tr>\n<tr>\n<td>Brennstoff<\/td>\n<td>\u00d6l, Gas<\/td>\n<\/tr>\n<\/tbody>\n<\/table>\n<\/div>\n<\/section>\n<\/section>\n<\/div>\n<\/section>\n<\/section>\n<section class=\"text_accordion_block\">\n<section class=\"accordion_header\">\n<div><i><\/i><strong>\u00a0UNIMAT Hei\u00dfwasserkessel UT-H<\/strong><\/div>\n<\/section>\n<section class=\"accordion_text\">\n<div><\/div>\n<div><img loading=\"lazy\" class=\"  wp-image-449 aligncenter\" src=\"http:\/\/aes-int.com\/wp-content\/uploads\/2015\/05\/UT-H.jpg\" alt=\"UT-H\" width=\"182\" height=\"140\" \/><\/div>\n<div>\n<p>Der Kesseltyp UT-H wird bei hohen Druck- und Temperaturanforderungen f\u00fcr Fern- oder Prozessw\u00e4rmeanwendungen eingesetzt.<\/p>\n<section class=\"text_accordion_block\">\n<section class=\"accordion_header\">\n<div><i><\/i>\u00a0\u00a0<strong>Technische Daten<\/strong><\/div>\n<\/section>\n<section class=\"accordion_text\">\n<div>\n<table width=\"455\">\n<thead>\n<tr>\n<td><strong>Typ<\/strong><\/td>\n<td><strong>UNIMAT UT-H<\/strong><\/td>\n<\/tr>\n<\/thead>\n<tbody>\n<tr>\n<td>W\u00e4rmetr\u00e4ger<\/td>\n<td>Hochdruck-Hei\u00dfwasser<\/td>\n<\/tr>\n<tr>\n<td>Bauart<\/td>\n<td>Dreizug-Flammrohr-Rauchrohrtechnik<\/td>\n<\/tr>\n<tr>\n<td>Leistung<\/td>\n<td>820 bis 18.300 kW<\/td>\n<\/tr>\n<tr>\n<td>Absicherungs\u00fcberdruck<\/td>\n<td>bis 30 bar<\/td>\n<\/tr>\n<tr>\n<td>Max. Temperatur<\/td>\n<td>bis 240 \u00b0C<\/td>\n<\/tr>\n<tr>\n<td>Brennstoff<\/td>\n<td>\u00d6l, Gas<\/td>\n<\/tr>\n<\/tbody>\n<\/table>\n<\/div>\n<\/section>\n<\/section>\n<\/div>\n<\/section>\n<\/section>\n<section class=\"text_accordion_block\">\n<section class=\"accordion_header\">\n<div><i><\/i>\u00a0<strong>UNIMAT Hei\u00dfwasserkessel UT-HZ<\/strong><\/div>\n<\/section>\n<section class=\"accordion_text\"><strong>\u00a0<img loading=\"lazy\" class=\"  wp-image-450 aligncenter\" src=\"http:\/\/aes-int.com\/wp-content\/uploads\/2015\/05\/UT-HZ.jpg\" alt=\"UT-HZ\" width=\"183\" height=\"141\" \/><\/strong>Bei sehr gro\u00dfen W\u00e4rmebedarf. Verschiedene Leistungsstufen von 13.000 bis 38.000\u00a0Kilogramm pro Stunde<\/p>\n<section class=\"text_accordion_block\">\n<section class=\"accordion_header\"><i><\/i>\u00a0<strong>Technische Daten<\/strong><\/section>\n<section class=\"accordion_text\">\n<div>\n<table width=\"455\">\n<thead>\n<tr>\n<td><strong>Typ<\/strong><\/td>\n<td><strong>UNIMAT UT-HZ<\/strong><\/td>\n<\/tr>\n<\/thead>\n<tbody>\n<tr>\n<td>W\u00e4rmetr\u00e4ger<\/td>\n<td>Hochdruck-Hei\u00dfwasser<\/td>\n<\/tr>\n<tr>\n<td>Bauart<\/td>\n<td>Dreizug-Zweiflammrohr-Rauchrohrtechnik<\/td>\n<\/tr>\n<tr>\n<td>Leistung<\/td>\n<td>13.000 bis 38.000 kW<\/td>\n<\/tr>\n<tr>\n<td>Absicherungs\u00fcberdruck<\/td>\n<td>bis 30 bar<\/td>\n<\/tr>\n<tr>\n<td>Max. Temperatur<\/td>\n<td>bis 240 \u00b0C<\/td>\n<\/tr>\n<tr>\n<td>Brennstoff<\/td>\n<td>\u00d6l, Gas<\/td>\n<\/tr>\n<\/tbody>\n<\/table>\n<\/div>\n<\/section>\n<\/section>\n<p><strong>\u00a0<\/strong><\/p>\n<\/section>\n<\/section>\n<p><\/p>","protected":false},"excerpt":{"rendered":"<p>AESI AG bieten Ihnen eine individuelle L\u00f6sung f\u00fcr die effiziente Produktion von W\u00e4rmeenergie, auf Basis von Hei\u00dfwasserkessel und Kessel, im Leistungsbereich von 650 bis 38.000 kW an. Wir sind erfreut, gemeinsam mit dem Unternehmen Bosch zusammenarbeiten zu d\u00fcrfen. \u00a0UNIMAT Heizkessel UT-L \u00a0 Verf\u00fcgbar in verschiedener Leistungsbereichen von 650 bis zu 19200 Kilogramm pro Stunde. \u00a0\u00a0Technische &hellip; <a href=\"https:\/\/aes-int.com\/de\/water-heaters\/\" class=\"more-link\">Continue reading <span class=\"screen-reader-text\">Die Wasserw\u00e4rmer<\/span> <span class=\"meta-nav\">&rarr;<\/span><\/a><\/p>\n","protected":false},"author":1,"featured_media":357,"parent":0,"menu_order":0,"comment_status":"closed","ping_status":"closed","template":"","meta":[],"acf":[],"yoast_head":"<!-- This site is optimized with the Yoast SEO plugin v19.13 - https:\/\/yoast.com\/wordpress\/plugins\/seo\/ -->\n<title>Die Wasserw\u00e4rmer - Aes Int<\/title>\n<meta name=\"robots\" content=\"index, follow, max-snippet:-1, max-image-preview:large, max-video-preview:-1\" \/>\n<link rel=\"canonical\" href=\"https:\/\/aes-int.com\/ru\/water-heaters\/\" \/>\n<meta property=\"og:locale\" content=\"de_DE\" \/>\n<meta property=\"og:type\" content=\"article\" \/>\n<meta property=\"og:title\" content=\"[:de]Die Wasserw\u00e4rmer[:en]Water heaters[:ru]\u041a\u043e\u0442\u043b\u044b \u041f\u0435\u0440\u0435\u0433\u0440\u0435\u0442\u043e\u0439 \u0412\u043e\u0434\u044b[:] - Aes Int\" \/>\n<meta property=\"og:description\" content=\"AESI AG bieten Ihnen eine individuelle L\u00f6sung f\u00fcr die effiziente Produktion von W\u00e4rmeenergie, auf Basis von Hei\u00dfwasserkessel und Kessel, im Leistungsbereich von 650 bis 38.000 kW an. Wir sind erfreut, gemeinsam mit dem Unternehmen Bosch zusammenarbeiten zu d\u00fcrfen. \u00a0UNIMAT Heizkessel UT-L \u00a0 Verf\u00fcgbar in verschiedener Leistungsbereichen von 650 bis zu 19200 Kilogramm pro Stunde. \u00a0\u00a0Technische &hellip; Continue reading Die Wasserw\u00e4rmer &rarr;\" \/>\n<meta property=\"og:url\" content=\"https:\/\/aes-int.com\/ru\/water-heaters\/\" \/>\n<meta property=\"og:site_name\" content=\"Aes Int\" \/>\n<meta property=\"article:modified_time\" content=\"2015-07-29T15:58:18+00:00\" \/>\n<meta property=\"og:image\" content=\"https:\/\/aes-int.com\/wp-content\/uploads\/2015\/05\/kotli.png\" \/>\n\t<meta property=\"og:image:width\" content=\"666\" \/>\n\t<meta property=\"og:image:height\" content=\"494\" \/>\n\t<meta property=\"og:image:type\" content=\"image\/png\" \/>\n<meta name=\"twitter:card\" content=\"summary_large_image\" \/>\n<meta name=\"twitter:label1\" content=\"Gesch\u00e4tzte Lesezeit\" \/>\n\t<meta name=\"twitter:data1\" content=\"3 Minuten\" \/>\n<script type=\"application\/ld+json\" class=\"yoast-schema-graph\">{\"@context\":\"https:\/\/schema.org\",\"@graph\":[{\"@type\":\"WebPage\",\"@id\":\"https:\/\/aes-int.com\/ru\/water-heaters\/\",\"url\":\"https:\/\/aes-int.com\/ru\/water-heaters\/\",\"name\":\"[:de]Die Wasserw\u00e4rmer[:en]Water heaters[:ru]\u041a\u043e\u0442\u043b\u044b \u041f\u0435\u0440\u0435\u0433\u0440\u0435\u0442\u043e\u0439 \u0412\u043e\u0434\u044b[:] - Aes Int\",\"isPartOf\":{\"@id\":\"https:\/\/aes-int.com\/#website\"},\"datePublished\":\"2015-05-07T09:41:34+00:00\",\"dateModified\":\"2015-07-29T15:58:18+00:00\",\"breadcrumb\":{\"@id\":\"https:\/\/aes-int.com\/ru\/water-heaters\/#breadcrumb\"},\"inLanguage\":\"de-DE\",\"potentialAction\":[{\"@type\":\"ReadAction\",\"target\":[\"https:\/\/aes-int.com\/ru\/water-heaters\/\"]}]},{\"@type\":\"BreadcrumbList\",\"@id\":\"https:\/\/aes-int.com\/ru\/water-heaters\/#breadcrumb\",\"itemListElement\":[{\"@type\":\"ListItem\",\"position\":1,\"name\":\"\u0413\u043b\u0430\u0432\u043d\u043e\u0435 \u043c\u0435\u043d\u044e\",\"item\":\"https:\/\/aes-int.com\/\"},{\"@type\":\"ListItem\",\"position\":2,\"name\":\"\u041a\u043e\u0442\u043b\u044b \u041f\u0435\u0440\u0435\u0433\u0440\u0435\u0442\u043e\u0439 \u0412\u043e\u0434\u044b\"}]},{\"@type\":\"WebSite\",\"@id\":\"https:\/\/aes-int.com\/#website\",\"url\":\"https:\/\/aes-int.com\/\",\"name\":\"Aes Int\",\"description\":\"\",\"potentialAction\":[{\"@type\":\"SearchAction\",\"target\":{\"@type\":\"EntryPoint\",\"urlTemplate\":\"https:\/\/aes-int.com\/?s={search_term_string}\"},\"query-input\":\"required name=search_term_string\"}],\"inLanguage\":\"de-DE\"}]}<\/script>\n<!-- \/ Yoast SEO plugin. -->","yoast_head_json":{"title":"[:de]Die Wasserw\u00e4rmer[:en]Water heaters[:ru]\u041a\u043e\u0442\u043b\u044b \u041f\u0435\u0440\u0435\u0433\u0440\u0435\u0442\u043e\u0439 \u0412\u043e\u0434\u044b[:] - Aes Int","robots":{"index":"index","follow":"follow","max-snippet":"max-snippet:-1","max-image-preview":"max-image-preview:large","max-video-preview":"max-video-preview:-1"},"canonical":"https:\/\/aes-int.com\/ru\/water-heaters\/","og_locale":"de_DE","og_type":"article","og_title":"[:de]Die Wasserw\u00e4rmer[:en]Water heaters[:ru]\u041a\u043e\u0442\u043b\u044b \u041f\u0435\u0440\u0435\u0433\u0440\u0435\u0442\u043e\u0439 \u0412\u043e\u0434\u044b[:] - Aes Int","og_description":"AESI AG bieten Ihnen eine individuelle L\u00f6sung f\u00fcr die effiziente Produktion von W\u00e4rmeenergie, auf Basis von Hei\u00dfwasserkessel und Kessel, im Leistungsbereich von 650 bis 38.000 kW an. Wir sind erfreut, gemeinsam mit dem Unternehmen Bosch zusammenarbeiten zu d\u00fcrfen. \u00a0UNIMAT Heizkessel UT-L \u00a0 Verf\u00fcgbar in verschiedener Leistungsbereichen von 650 bis zu 19200 Kilogramm pro Stunde. \u00a0\u00a0Technische &hellip; Continue reading Die Wasserw\u00e4rmer &rarr;","og_url":"https:\/\/aes-int.com\/ru\/water-heaters\/","og_site_name":"Aes Int","article_modified_time":"2015-07-29T15:58:18+00:00","og_image":[{"width":666,"height":494,"url":"https:\/\/aes-int.com\/wp-content\/uploads\/2015\/05\/kotli.png","type":"image\/png"}],"twitter_card":"summary_large_image","twitter_misc":{"Gesch\u00e4tzte Lesezeit":"3 Minuten"},"schema":{"@context":"https:\/\/schema.org","@graph":[{"@type":"WebPage","@id":"https:\/\/aes-int.com\/ru\/water-heaters\/","url":"https:\/\/aes-int.com\/ru\/water-heaters\/","name":"[:de]Die Wasserw\u00e4rmer[:en]Water heaters[:ru]\u041a\u043e\u0442\u043b\u044b \u041f\u0435\u0440\u0435\u0433\u0440\u0435\u0442\u043e\u0439 \u0412\u043e\u0434\u044b[:] - Aes Int","isPartOf":{"@id":"https:\/\/aes-int.com\/#website"},"datePublished":"2015-05-07T09:41:34+00:00","dateModified":"2015-07-29T15:58:18+00:00","breadcrumb":{"@id":"https:\/\/aes-int.com\/ru\/water-heaters\/#breadcrumb"},"inLanguage":"de-DE","potentialAction":[{"@type":"ReadAction","target":["https:\/\/aes-int.com\/ru\/water-heaters\/"]}]},{"@type":"BreadcrumbList","@id":"https:\/\/aes-int.com\/ru\/water-heaters\/#breadcrumb","itemListElement":[{"@type":"ListItem","position":1,"name":"\u0413\u043b\u0430\u0432\u043d\u043e\u0435 \u043c\u0435\u043d\u044e","item":"https:\/\/aes-int.com\/"},{"@type":"ListItem","position":2,"name":"\u041a\u043e\u0442\u043b\u044b \u041f\u0435\u0440\u0435\u0433\u0440\u0435\u0442\u043e\u0439 \u0412\u043e\u0434\u044b"}]},{"@type":"WebSite","@id":"https:\/\/aes-int.com\/#website","url":"https:\/\/aes-int.com\/","name":"Aes Int","description":"","potentialAction":[{"@type":"SearchAction","target":{"@type":"EntryPoint","urlTemplate":"https:\/\/aes-int.com\/?s={search_term_string}"},"query-input":"required name=search_term_string"}],"inLanguage":"de-DE"}]}},"_links":{"self":[{"href":"https:\/\/aes-int.com\/de\/wp-json\/wp\/v2\/pages\/356"}],"collection":[{"href":"https:\/\/aes-int.com\/de\/wp-json\/wp\/v2\/pages"}],"about":[{"href":"https:\/\/aes-int.com\/de\/wp-json\/wp\/v2\/types\/page"}],"author":[{"embeddable":true,"href":"https:\/\/aes-int.com\/de\/wp-json\/wp\/v2\/users\/1"}],"replies":[{"embeddable":true,"href":"https:\/\/aes-int.com\/de\/wp-json\/wp\/v2\/comments?post=356"}],"version-history":[{"count":26,"href":"https:\/\/aes-int.com\/de\/wp-json\/wp\/v2\/pages\/356\/revisions"}],"predecessor-version":[{"id":1008,"href":"https:\/\/aes-int.com\/de\/wp-json\/wp\/v2\/pages\/356\/revisions\/1008"}],"wp:featuredmedia":[{"embeddable":true,"href":"https:\/\/aes-int.com\/de\/wp-json\/wp\/v2\/media\/357"}],"wp:attachment":[{"href":"https:\/\/aes-int.com\/de\/wp-json\/wp\/v2\/media?parent=356"}],"curies":[{"name":"wp","href":"https:\/\/api.w.org\/{rel}","templated":true}]}}