{"id":359,"date":"2015-05-07T09:44:00","date_gmt":"2015-05-07T09:44:00","guid":{"rendered":"http:\/\/aes-int.com\/?page_id=359"},"modified":"2015-07-31T13:28:38","modified_gmt":"2015-07-31T13:28:38","slug":"steam-boilers","status":"publish","type":"page","link":"https:\/\/aes-int.com\/de\/steam-boilers\/","title":{"rendered":"Dampfkessel"},"content":{"rendered":"<p><\/p>\n<p style=\"text-align: justify;\">Individuelle L\u00f6sungen f\u00fcr eine fortschrittliche Dampferzeugung: Im Leistungsbereich von 175 bis 55.000 Kilogramm pro Stunde stehen die Dampfkessel f\u00fcr verschiedenste Einsatzbereiche zur Verf\u00fcgung. Dimensionierung und Ausstattung der Produkte erfolgen kundenspezifisch mit vielf\u00e4ltigen Optionen und Variationsm\u00f6glichkeiten.<\/p>\n<section class=\"text_accordion_block\">\n<section class=\"accordion_header\">\n<div><i><\/i><strong>\u00a0UNIVERSAL Dampfkessel ZFR, ZFR-X<\/strong><\/div>\n<\/section>\n<section class=\"accordion_text\">\n<div>\u00a0<img loading=\"lazy\" class=\" size-full wp-image-456 aligncenter\" src=\"http:\/\/aes-int.com\/wp-content\/uploads\/2015\/05\/ZFR-ZFR-X.jpg\" alt=\"ZFR, ZFR-X\" width=\"186\" height=\"143\" \/><\/div>\n<div>Der Kesseltyp ZFR ist ein Gro\u00dfwasserraumkessel in Dreizug-Technik mit zwei Flammrohren und vollst\u00e4ndig getrennten Rauchgaswegen. Eine zuverl\u00e4ssige Dampf- und W\u00e4rmeversorgung im hohen Leistungsbereich.<\/div>\n<div><\/div>\n<div>\n<section class=\"text_accordion_block\">\n<section class=\"accordion_header\">\n<div><i><\/i>\u00a0<strong>Technische Daten<\/strong><\/div>\n<\/section>\n<section class=\"accordion_text\">\n<div>\n<table style=\"height: 458px;\" width=\"429\">\n<thead>\n<tr>\n<td><strong>Typ<\/strong><\/td>\n<td><strong>UNIVERSAL ZFR<\/strong><\/td>\n<td><strong>UNIVERSAL ZFR-X<\/strong><\/td>\n<\/tr>\n<\/thead>\n<tbody>\n<tr>\n<td>W\u00e4rmetr\u00e4ger<\/td>\n<td>Hochdruck-Sattdampf<\/td>\n<td>Hochdruck-Sattdampf<\/td>\n<\/tr>\n<tr>\n<td>Bauart<\/td>\n<td>Dreizug-Zweiflammrohr-Rauchrohrtechnik<\/td>\n<td>Dreizug-Zweiflammrohr-Rauchrohrtechnik<\/td>\n<\/tr>\n<tr>\n<td>Leistung<\/td>\n<td>18.000 bis 55.000 kg\/h<\/td>\n<td>18.000 bis 55.000 kg\/h<\/td>\n<\/tr>\n<tr>\n<td>Absicherungs\u00fcberdruck<\/td>\n<td>bis 30 bar<\/td>\n<td>bis 30 bar<\/td>\n<\/tr>\n<tr>\n<td>Max. Temperatur<\/td>\n<td>bis 235 \u00b0C<\/td>\n<td>bis 300 \u00b0C<\/td>\n<\/tr>\n<tr>\n<td>Brennstoff<\/td>\n<td>\u00d6l, Gas<\/td>\n<td>\u00d6l, Gas<\/td>\n<\/tr>\n<\/tbody>\n<\/table>\n<\/div>\n<\/section>\n<\/section>\n<\/div>\n<div><\/div>\n<div><\/div>\n<div><\/div>\n<\/section>\n<\/section>\n<p style=\"text-align: justify;\">\n<section class=\"text_accordion_block\">\n<section class=\"accordion_header\">\n<div><i><\/i><strong>\u00a0UNIVERSAL Dampfkessel UL-S, UL-SX<\/strong><\/div>\n<\/section>\n<section class=\"accordion_text\">\n<div>\u00a0<img loading=\"lazy\" class=\"  wp-image-455 aligncenter\" src=\"http:\/\/aes-int.com\/wp-content\/uploads\/2015\/05\/UL-S-UL-SX.jpg\" alt=\"UL-S, UL-SX\" width=\"181\" height=\"139\" \/><\/div>\n<div>Der Kesseltyp UL-S ist ein Dreizug-Gro\u00dfwasserraumkessel und erf\u00fcllt alle Anspr\u00fcche in mittleren und hohen Leistungsbereichen.<\/div>\n<div><\/div>\n<div>\n<section class=\"text_accordion_block\">\n<section class=\"accordion_header\">\n<div><i><\/i>\u00a0<strong>Technische Daten<\/strong><\/div>\n<\/section>\n<section class=\"accordion_text\">\n<div>\n<table style=\"height: 515px;\" width=\"420\">\n<thead>\n<tr>\n<td><strong>Typ<\/strong><\/td>\n<td><strong>UNIVERSAL UL-S<\/strong><\/td>\n<td><strong>UNIVERSAL UL-SX<\/strong><\/td>\n<\/tr>\n<\/thead>\n<tbody>\n<tr>\n<td>W\u00e4rmetr\u00e4ger<\/td>\n<td>Hochdruck-Sattdampf<\/td>\n<td>Hochdruck-Hei\u00dfdampf<\/td>\n<\/tr>\n<tr>\n<td>Bauart<\/td>\n<td>Dreizug-Einflammrohr-Rauchrohrtechnik<\/td>\n<td>Dreizug-Einflammrohr-Rauchrohrtechnik<\/td>\n<\/tr>\n<tr>\n<td>Leistung<\/td>\n<td>1.250 bis 28.000 kg\/h<\/td>\n<td>2.600 bis 28.000 kg\/h<\/td>\n<\/tr>\n<tr>\n<td>Absicherungs\u00fcberdruck<\/td>\n<td>bis 30 bar<\/td>\n<td>bis 30 bar<\/td>\n<\/tr>\n<tr>\n<td>Max. Temperatur<\/td>\n<td>bis 235 \u00b0C<\/td>\n<td>bis 300 \u00b0C<\/td>\n<\/tr>\n<tr>\n<td>Brennstoff<\/td>\n<td>\u00d6l, Gas<\/td>\n<td>\u00d6l, Gas<\/td>\n<\/tr>\n<\/tbody>\n<\/table>\n<\/div>\n<\/section>\n<\/section>\n<\/div>\n<\/section>\n<\/section>\n<section class=\"text_accordion_block\">\n<section class=\"accordion_text\">\n<div><\/div>\n<\/section>\n<\/section>\n<section class=\"text_accordion_block\">\n<section class=\"accordion_header\">\n<div><i><\/i>\u00a0<strong>UNIVERSAL Dampfkessel U-MB<\/strong><\/div>\n<\/section>\n<section class=\"accordion_text\">\n<div><\/div>\n<div><img loading=\"lazy\" class=\"  wp-image-454 aligncenter\" src=\"http:\/\/aes-int.com\/wp-content\/uploads\/2015\/05\/U-\u041c\u0412.jpg\" alt=\"U-\u041c\u0412\" width=\"186\" height=\"143\" \/><\/div>\n<div>\n<p>Mit dem Fokus auf geringe Emissionen, hohe Dampfqualit\u00e4t und optimale Energieeffizienz werden die entsprechenden Elemente des Kessels konfiguriert.<\/p>\n<section class=\"text_accordion_block\">\n<section class=\"accordion_header\">\n<div><i><\/i><strong>Technische Daten<\/strong><\/div>\n<\/section>\n<section class=\"accordion_text\">\n<div>\n<table width=\"455\">\n<thead>\n<tr>\n<td><strong>Typ<\/strong><\/td>\n<td><strong>UNIVERSAL U-MB<\/strong><\/td>\n<\/tr>\n<\/thead>\n<tbody>\n<tr>\n<td>W\u00e4rmetr\u00e4ger<\/td>\n<td>Hochdruck-Sattdampf<\/td>\n<\/tr>\n<tr>\n<td>Bauart<\/td>\n<td>Dreizug-Flammrohr-Rauchrohrtechnik<\/td>\n<\/tr>\n<tr>\n<td>Leistung<\/td>\n<td>200 bis 2.000 kg\/h<\/td>\n<\/tr>\n<tr>\n<td>Absicherungs\u00fcberdruck<\/td>\n<td>bis 16 bar<\/td>\n<\/tr>\n<tr>\n<td>Max. Temperatur<\/td>\n<td>bis 204 \u00b0C<\/td>\n<\/tr>\n<tr>\n<td>Brennstoff<\/td>\n<td>\u00d6l, Gas<\/td>\n<\/tr>\n<\/tbody>\n<\/table>\n<\/div>\n<\/section>\n<\/section>\n<\/div>\n<\/section>\n<\/section>\n<section class=\"text_accordion_block\">\n<section class=\"accordion_header\">\n<div><i><\/i>\u00a0<strong>UNIVERSAL Dampfkessel U-ND, U-HD<\/strong><\/div>\n<\/section>\n<section class=\"accordion_text\">\n<div>\u00a0<img loading=\"lazy\" class=\" size-full wp-image-453 aligncenter\" src=\"http:\/\/aes-int.com\/wp-content\/uploads\/2015\/05\/U-ND-U-HD.jpg\" alt=\"U-ND, U-HD\" width=\"186\" height=\"143\" \/>Der Kesseltyp U-ND, U-HD vereint die Vorteile der Gro\u00dfwasserraumkesseltechnik mit der Effektivit\u00e4t des Flammrohr-Rauchrohr-Systems. Es handelt sich um einen Kessel nach dem Umkehrflammprinzip.<\/div>\n<div><\/div>\n<div>\n<section class=\"text_accordion_block\">\n<section class=\"accordion_header\">\n<div><i><\/i>\u00a0<strong>Technische Daten<\/strong><\/div>\n<\/section>\n<section class=\"accordion_text\">\n<div>\n<table style=\"height: 347px;\" width=\"429\">\n<thead>\n<tr>\n<td><strong>Typ<\/strong><\/td>\n<td><strong>UNIVERSAL U-ND<\/strong><\/td>\n<td><strong>UNIVERSAL U-HD<\/strong><\/td>\n<\/tr>\n<\/thead>\n<tbody>\n<tr>\n<td>W\u00e4rmetr\u00e4ger<\/td>\n<td>Niederdruck-Sattdampf<\/td>\n<td>Hochdruck-Sattdampf<\/td>\n<\/tr>\n<tr>\n<td>Bauart<\/td>\n<td>Flammrohr-Rauchrohrtechnik<\/td>\n<td>Flammrohr-Rauchrohrtechnik<\/td>\n<\/tr>\n<tr>\n<td>Leistung<\/td>\n<td>175 bis 3.200 kg\/h<\/td>\n<td>175 bis 1.250 kg\/h<\/td>\n<\/tr>\n<tr>\n<td>Absicherungs\u00fcberdruck<\/td>\n<td>bis 0,5 bar<\/td>\n<td>bis 16 bar<\/td>\n<\/tr>\n<tr>\n<td>Max. Temperatur<\/td>\n<td>bis 110 \u00b0C<\/td>\n<td>bis 204 \u00b0C<\/td>\n<\/tr>\n<tr>\n<td>Brennstoff<\/td>\n<td>\u00d6l, Gas<\/td>\n<td>\u00d6l, Gas<\/td>\n<\/tr>\n<\/tbody>\n<\/table>\n<\/div>\n<\/section>\n<\/section>\n<\/div>\n<\/section>\n<\/section>\n<section class=\"text_accordion_block\">\n<section class=\"accordion_text\"><\/section>\n<\/section>\n<section class=\"text_accordion_block\">\n<section class=\"accordion_header\">\n<div><i><\/i><strong>\u00a0Kraft-W\u00e4rme-Kopplung mit 4-Zug Kesselsystemtechnik<\/strong><\/div>\n<\/section>\n<section class=\"accordion_text\">\n<div>\u00a0<img loading=\"lazy\" class=\"aligncenter wp-image-679 size-medium\" src=\"http:\/\/aes-int.com\/wp-content\/uploads\/2015\/05\/-e1435679254356-300x237.jpg\" alt=\"\u043f\u0430\u043d\" width=\"300\" height=\"237\" \/><\/div>\n<div><\/div>\n<div>\n<p><strong>Das System<\/strong><\/p>\n<p>Im gewerblichen oder industriellen Bereich kann der Einsatz von Kraft-W\u00e4rme-Kopplungsanlagen eine rentable Alternative darstellen. Eine Gasturbine oder ein Blockheizkraftwerk erzeugt dabei den elektrischen Strom \u2013 eine nachgeschaltete Abhitzekesselanlage nutzt die hei\u00dfen Rauchgase aus den vorgelagerten Verbrennungsprozessen zur effizienten Erzeugung von Heiz- oder Prozessw\u00e4rme.<\/p>\n<p><strong>Der Kundennutzen<\/strong><\/p>\n<p>Bei den Hei\u00dfwasser- oder Dampferzeugern mit Abhitzenutzung handelt es sich um konventionell befeuerte 3-Zug Kessel mit einem integrierten zus\u00e4tzlichen vierten Rauchrohrzug. Durch diesen werden die hei\u00dfen Rauchgase aus den vorgelagerten Prozessen geleitet um damit die Dampf- oder Hei\u00dfwassererzeugung zu unterst\u00fctzen. Auf die bei reinen Abhitzekesseln zus\u00e4tzlich notwendigen Spitzenlastkessel kann durch die Eigenfeuerung \u00fcblicherweise verzichtet werden. Investitionskosten, Platzbedarf und Ausr\u00fcstungsaufwand werden enorm reduziert.<\/p>\n<section class=\"text_accordion_block\">\n<section class=\"accordion_header\">\n<div><i><\/i><strong>Hydraulisches Einbindungsbeispiel von BHKW und 4-Zug Dampfkesselanlage<\/strong><\/div>\n<\/section>\n<section class=\"accordion_text\">\n<div>\n<p>1 Wasserservicemodul WSM-V<img loading=\"lazy\" class=\"  alignright wp-image-698 size-full\" src=\"http:\/\/aes-int.com\/wp-content\/uploads\/2015\/05\/sgdgeras-e1436968661462.png\" alt=\"\" width=\"598\" height=\"397\" srcset=\"https:\/\/aes-int.com\/wp-content\/uploads\/2015\/05\/sgdgeras-e1436968661462.png 598w, https:\/\/aes-int.com\/wp-content\/uploads\/2015\/05\/sgdgeras-e1436968661462-300x199.png 300w\" sizes=\"(max-width: 598px) 100vw, 598px\" \/><\/p>\n<p>2 Abgasw\u00e4rmetauscher<\/p>\n<p>3 Economiser<\/p>\n<p>4 4-Zug Dampfkessel<\/p>\n<p>5 Verbrennungsluftvorw\u00e4rmer<\/p>\n<p>6 BHKW<\/p>\n<p>7 Motor-K\u00fchlwasser<\/p>\n<p>8 Kamin<\/p>\n<\/div>\n<\/section>\n<\/section>\n<\/div>\n<\/section>\n<\/section>\n<p>\u00a0<\/p>","protected":false},"excerpt":{"rendered":"<p>Individuelle L\u00f6sungen f\u00fcr eine fortschrittliche Dampferzeugung: Im Leistungsbereich von 175 bis 55.000 Kilogramm pro Stunde stehen die Dampfkessel f\u00fcr verschiedenste Einsatzbereiche zur Verf\u00fcgung. Dimensionierung und Ausstattung der Produkte erfolgen kundenspezifisch mit vielf\u00e4ltigen Optionen und Variationsm\u00f6glichkeiten. \u00a0UNIVERSAL Dampfkessel ZFR, ZFR-X \u00a0 Der Kesseltyp ZFR ist ein Gro\u00dfwasserraumkessel in Dreizug-Technik mit zwei Flammrohren und vollst\u00e4ndig getrennten Rauchgaswegen. &hellip; <a href=\"https:\/\/aes-int.com\/de\/steam-boilers\/\" class=\"more-link\">Continue reading <span class=\"screen-reader-text\">Dampfkessel<\/span> <span class=\"meta-nav\">&rarr;<\/span><\/a><\/p>\n","protected":false},"author":1,"featured_media":360,"parent":0,"menu_order":0,"comment_status":"closed","ping_status":"closed","template":"","meta":[],"acf":[],"yoast_head":"<!-- This site is optimized with the Yoast SEO plugin v19.13 - https:\/\/yoast.com\/wordpress\/plugins\/seo\/ -->\n<title>Dampfkessel - Aes Int<\/title>\n<meta name=\"robots\" content=\"index, follow, max-snippet:-1, max-image-preview:large, max-video-preview:-1\" \/>\n<link rel=\"canonical\" href=\"https:\/\/aes-int.com\/steam-boilers\/\" \/>\n<meta property=\"og:locale\" content=\"de_DE\" \/>\n<meta property=\"og:type\" content=\"article\" \/>\n<meta property=\"og:title\" content=\"[:de]Dampfkessel[:en]Steam boilers[:ru]\u041f\u0430\u0440\u043e\u0432\u044b\u0435 \u041a\u043e\u0442\u043b\u044b[:] - Aes Int\" \/>\n<meta property=\"og:description\" content=\"Individuelle L\u00f6sungen f\u00fcr eine fortschrittliche Dampferzeugung: Im Leistungsbereich von 175 bis 55.000 Kilogramm pro Stunde stehen die Dampfkessel f\u00fcr verschiedenste Einsatzbereiche zur Verf\u00fcgung. Dimensionierung und Ausstattung der Produkte erfolgen kundenspezifisch mit vielf\u00e4ltigen Optionen und Variationsm\u00f6glichkeiten. \u00a0UNIVERSAL Dampfkessel ZFR, ZFR-X \u00a0 Der Kesseltyp ZFR ist ein Gro\u00dfwasserraumkessel in Dreizug-Technik mit zwei Flammrohren und vollst\u00e4ndig getrennten Rauchgaswegen. &hellip; Continue reading Dampfkessel &rarr;\" \/>\n<meta property=\"og:url\" content=\"https:\/\/aes-int.com\/steam-boilers\/\" \/>\n<meta property=\"og:site_name\" content=\"Aes Int\" \/>\n<meta property=\"article:modified_time\" content=\"2015-07-31T13:28:38+00:00\" \/>\n<meta property=\"og:image\" content=\"https:\/\/aes-int.com\/wp-content\/uploads\/2015\/05\/parovie.png\" \/>\n\t<meta property=\"og:image:width\" content=\"666\" \/>\n\t<meta property=\"og:image:height\" content=\"666\" \/>\n\t<meta property=\"og:image:type\" content=\"image\/png\" \/>\n<meta name=\"twitter:card\" content=\"summary_large_image\" \/>\n<meta name=\"twitter:label1\" content=\"Gesch\u00e4tzte Lesezeit\" \/>\n\t<meta name=\"twitter:data1\" content=\"5 Minuten\" \/>\n<script type=\"application\/ld+json\" class=\"yoast-schema-graph\">{\"@context\":\"https:\/\/schema.org\",\"@graph\":[{\"@type\":\"WebPage\",\"@id\":\"https:\/\/aes-int.com\/steam-boilers\/\",\"url\":\"https:\/\/aes-int.com\/steam-boilers\/\",\"name\":\"[:de]Dampfkessel[:en]Steam boilers[:ru]\u041f\u0430\u0440\u043e\u0432\u044b\u0435 \u041a\u043e\u0442\u043b\u044b[:] - Aes Int\",\"isPartOf\":{\"@id\":\"https:\/\/aes-int.com\/#website\"},\"datePublished\":\"2015-05-07T09:44:00+00:00\",\"dateModified\":\"2015-07-31T13:28:38+00:00\",\"breadcrumb\":{\"@id\":\"https:\/\/aes-int.com\/steam-boilers\/#breadcrumb\"},\"inLanguage\":\"de-DE\",\"potentialAction\":[{\"@type\":\"ReadAction\",\"target\":[\"https:\/\/aes-int.com\/steam-boilers\/\"]}]},{\"@type\":\"BreadcrumbList\",\"@id\":\"https:\/\/aes-int.com\/steam-boilers\/#breadcrumb\",\"itemListElement\":[{\"@type\":\"ListItem\",\"position\":1,\"name\":\"\u0413\u043b\u0430\u0432\u043d\u043e\u0435 \u043c\u0435\u043d\u044e\",\"item\":\"https:\/\/aes-int.com\/\"},{\"@type\":\"ListItem\",\"position\":2,\"name\":\"Steam boilers\"}]},{\"@type\":\"WebSite\",\"@id\":\"https:\/\/aes-int.com\/#website\",\"url\":\"https:\/\/aes-int.com\/\",\"name\":\"Aes Int\",\"description\":\"\",\"potentialAction\":[{\"@type\":\"SearchAction\",\"target\":{\"@type\":\"EntryPoint\",\"urlTemplate\":\"https:\/\/aes-int.com\/?s={search_term_string}\"},\"query-input\":\"required name=search_term_string\"}],\"inLanguage\":\"de-DE\"}]}<\/script>\n<!-- \/ Yoast SEO plugin. -->","yoast_head_json":{"title":"[:de]Dampfkessel[:en]Steam boilers[:ru]\u041f\u0430\u0440\u043e\u0432\u044b\u0435 \u041a\u043e\u0442\u043b\u044b[:] - Aes Int","robots":{"index":"index","follow":"follow","max-snippet":"max-snippet:-1","max-image-preview":"max-image-preview:large","max-video-preview":"max-video-preview:-1"},"canonical":"https:\/\/aes-int.com\/steam-boilers\/","og_locale":"de_DE","og_type":"article","og_title":"[:de]Dampfkessel[:en]Steam boilers[:ru]\u041f\u0430\u0440\u043e\u0432\u044b\u0435 \u041a\u043e\u0442\u043b\u044b[:] - Aes Int","og_description":"Individuelle L\u00f6sungen f\u00fcr eine fortschrittliche Dampferzeugung: Im Leistungsbereich von 175 bis 55.000 Kilogramm pro Stunde stehen die Dampfkessel f\u00fcr verschiedenste Einsatzbereiche zur Verf\u00fcgung. Dimensionierung und Ausstattung der Produkte erfolgen kundenspezifisch mit vielf\u00e4ltigen Optionen und Variationsm\u00f6glichkeiten. \u00a0UNIVERSAL Dampfkessel ZFR, ZFR-X \u00a0 Der Kesseltyp ZFR ist ein Gro\u00dfwasserraumkessel in Dreizug-Technik mit zwei Flammrohren und vollst\u00e4ndig getrennten Rauchgaswegen. &hellip; Continue reading Dampfkessel &rarr;","og_url":"https:\/\/aes-int.com\/steam-boilers\/","og_site_name":"Aes Int","article_modified_time":"2015-07-31T13:28:38+00:00","og_image":[{"width":666,"height":666,"url":"https:\/\/aes-int.com\/wp-content\/uploads\/2015\/05\/parovie.png","type":"image\/png"}],"twitter_card":"summary_large_image","twitter_misc":{"Gesch\u00e4tzte Lesezeit":"5 Minuten"},"schema":{"@context":"https:\/\/schema.org","@graph":[{"@type":"WebPage","@id":"https:\/\/aes-int.com\/steam-boilers\/","url":"https:\/\/aes-int.com\/steam-boilers\/","name":"[:de]Dampfkessel[:en]Steam boilers[:ru]\u041f\u0430\u0440\u043e\u0432\u044b\u0435 \u041a\u043e\u0442\u043b\u044b[:] - Aes Int","isPartOf":{"@id":"https:\/\/aes-int.com\/#website"},"datePublished":"2015-05-07T09:44:00+00:00","dateModified":"2015-07-31T13:28:38+00:00","breadcrumb":{"@id":"https:\/\/aes-int.com\/steam-boilers\/#breadcrumb"},"inLanguage":"de-DE","potentialAction":[{"@type":"ReadAction","target":["https:\/\/aes-int.com\/steam-boilers\/"]}]},{"@type":"BreadcrumbList","@id":"https:\/\/aes-int.com\/steam-boilers\/#breadcrumb","itemListElement":[{"@type":"ListItem","position":1,"name":"\u0413\u043b\u0430\u0432\u043d\u043e\u0435 \u043c\u0435\u043d\u044e","item":"https:\/\/aes-int.com\/"},{"@type":"ListItem","position":2,"name":"Steam boilers"}]},{"@type":"WebSite","@id":"https:\/\/aes-int.com\/#website","url":"https:\/\/aes-int.com\/","name":"Aes Int","description":"","potentialAction":[{"@type":"SearchAction","target":{"@type":"EntryPoint","urlTemplate":"https:\/\/aes-int.com\/?s={search_term_string}"},"query-input":"required name=search_term_string"}],"inLanguage":"de-DE"}]}},"_links":{"self":[{"href":"https:\/\/aes-int.com\/de\/wp-json\/wp\/v2\/pages\/359"}],"collection":[{"href":"https:\/\/aes-int.com\/de\/wp-json\/wp\/v2\/pages"}],"about":[{"href":"https:\/\/aes-int.com\/de\/wp-json\/wp\/v2\/types\/page"}],"author":[{"embeddable":true,"href":"https:\/\/aes-int.com\/de\/wp-json\/wp\/v2\/users\/1"}],"replies":[{"embeddable":true,"href":"https:\/\/aes-int.com\/de\/wp-json\/wp\/v2\/comments?post=359"}],"version-history":[{"count":44,"href":"https:\/\/aes-int.com\/de\/wp-json\/wp\/v2\/pages\/359\/revisions"}],"predecessor-version":[{"id":1024,"href":"https:\/\/aes-int.com\/de\/wp-json\/wp\/v2\/pages\/359\/revisions\/1024"}],"wp:featuredmedia":[{"embeddable":true,"href":"https:\/\/aes-int.com\/de\/wp-json\/wp\/v2\/media\/360"}],"wp:attachment":[{"href":"https:\/\/aes-int.com\/de\/wp-json\/wp\/v2\/media?parent=359"}],"curies":[{"name":"wp","href":"https:\/\/api.w.org\/{rel}","templated":true}]}}