{"id":362,"date":"2015-05-07T09:47:40","date_gmt":"2015-05-07T09:47:40","guid":{"rendered":"http:\/\/aes-int.com\/?page_id=362"},"modified":"2015-07-30T09:04:41","modified_gmt":"2015-07-30T09:04:41","slug":"absorption-plant","status":"publish","type":"page","link":"https:\/\/aes-int.com\/de\/absorption-plant\/","title":{"rendered":"Absorptionsanlage"},"content":{"rendered":"<p><\/p>\n<p style=\"text-align: justify;\"><strong><div class='content-column one_half'><\/strong><\/p>\n<p><strong>Kraft-W\u00e4rme-K\u00e4lte-Kopplung<\/strong><\/p>\n<p>Ist eine gleichzeitige Herstellung von drei Arten von Energie: Strom, W\u00e4rme und K\u00e4lte. Die Nutzung ist besonders wirksam f\u00fcr Gebiete mit h\u00e4ufigen und extremen Temperaturgef\u00e4llen. Diese Kopplungsart hat einen hervorragenden Ruf. Immer mehr Unternehmen greifen heutzutage auf die diese Art von Energiegewinnung.<\/p>\n<p><img loading=\"lazy\" class=\"alignleft size-full wp-image-1018\" src=\"http:\/\/aes-int.com\/wp-content\/uploads\/2015\/05\/bild.jpg\" alt=\"bild\" width=\"598\" height=\"214\" srcset=\"https:\/\/aes-int.com\/wp-content\/uploads\/2015\/05\/bild.jpg 598w, https:\/\/aes-int.com\/wp-content\/uploads\/2015\/05\/bild-300x107.jpg 300w\" sizes=\"(max-width: 598px) 100vw, 598px\" \/><\/p>\n<p><strong>\u00a0<\/strong><\/p>\n<p><strong>Lithiumbromid Absorptionsk\u00e4ltemaschinen<\/strong><\/p>\n<p>Dienen zur Herstellung von verschiedenen L\u00f6sungen durch die Absorptionsfl\u00fcssigkeit von den Komponenten des Gasgemisches. Die Gasabsorption findet entweder mit Gas oder mit w\u00e4ssrig-aufsaugenden Fl\u00fcssigkeitskomponenten statt.<\/p>\n<p>F\u00fcr die K\u00e4ltegewinnung mit Absorptionsk\u00e4ltemaschinen wird nicht mit Hilfe von mechanischer Arbeit gearbeitet, sondern mit W\u00e4rme. Die Absorptionsk\u00e4ltemaschine besch\u00e4ftigt sich damit, dass die L\u00f6slichkeit von Gasen in Fl\u00fcssigkeiten mit steigender Temperatur abnimmt- und bei h\u00f6heren -f\u00e4llt.<\/p><\/div><div class='content-column one_half last_column'><p><img loading=\"lazy\" class=\"aligncenter wp-image-709 size-medium\" src=\"http:\/\/aes-int.com\/wp-content\/uploads\/2015\/05\/039l-300x225.jpg\" alt=\"039l\" width=\"300\" height=\"225\" srcset=\"https:\/\/aes-int.com\/wp-content\/uploads\/2015\/05\/039l-300x225.jpg 300w, https:\/\/aes-int.com\/wp-content\/uploads\/2015\/05\/039l.jpg 546w\" sizes=\"(max-width: 300px) 100vw, 300px\" \/><\/div><div class='clear_column'><\/div><\/p>\n<p><strong>\u00a0<\/strong><\/p>\n<section class=\"text_accordion_block\">\n<section class=\"accordion_header\">\n<div><i><\/i>\u00a0<strong>Absorptionsk\u00e4ltemaschinen &#8211; Dampfbetrieben betrieben 16 JL<\/strong><\/div>\n<\/section>\n<section class=\"accordion_text\">Dampfdruck: 0,098 MPa, 527,4 kW bis 2321 kW. K\u00fchlwasser: 32 \u00b0C \/ 40 \u00b0C, Kaltwasser: 12\u00b0C \/ 7 \u00b0C. Dampfarbeitsdruck: 0.098 MPa. Die K\u00e4ltemaschine enth\u00e4lt folgende Elemente: Verdampfer, Absorber, K\u00fchler, L\u00f6sungstemperaturwechsler, K\u00fchlmittelpumpe, Steuersystem und andere Hilfsmittel.<\/p>\n<p style=\"text-align: justify;\">Funktionsweise der Anlage ist wie folgt: unter Hochvakuum wird das K\u00e4ltemittel (Wasser) bei niedriger Temperatur (4,4\u00b0C) verdampft. Dies f\u00fchrt zur K\u00fchlung des K\u00e4ltemittels, welches im Rohr des Verdampfers zirkuliert.<strong>\u00a0<\/strong><\/p>\n<\/section>\n<\/section>\n<section class=\"text_accordion_block\">\n<section class=\"accordion_header\">\n<div><i><\/i>\u00a0<strong>Absorptionsk\u00e4ltemaschinen &#8211; Hei\u00dfwasserbetrieben 16 JLR<\/strong><\/div>\n<\/section>\n<section class=\"accordion_text\">\u00a0Die K\u00fchlleistung der Ger\u00e4ts mit Wasserheizung ist von 527 kW bist 2.321 kW. Die K\u00fchlleistung erf\u00fchlt folgende Bedingungen: die Temperatur des K\u00fchlwasser betr\u00e4gt 32 \u00b0C \/ 40 \u00b0C, Kaltwasser: 32 \u00b0C \/ 40 \u00b0C. Hei\u00dfwasser: 125 \u00b0 C \/ 105 \u00b0 C . Die K\u00e4ltemaschine enth\u00e4lt folgende Elemente: Verdampfer, Absorber, K\u00fchler, L\u00f6sungstemperaturwechsler, K\u00fchlmittelpumpe, Steuersystem und andere Hilfsmittel.\u00a0 Funktionsweise der Anlage ist wie folgt: unter Hochvakuum wird das K\u00e4ltemittel (Wasser) bei niedriger Temperatur (4,4\u00b0C) verdampft. Dies f\u00fchrt zur K\u00fchlung des K\u00e4ltemittels, welches im Rohr des Verdampfers zirkuliert.\u00a0<\/section>\n<\/section>\n<p><\/p>","protected":false},"excerpt":{"rendered":"<p>\u00a0 \u00a0Absorptionsk\u00e4ltemaschinen &#8211; Dampfbetrieben betrieben 16 JL Dampfdruck: 0,098 MPa, 527,4 kW bis 2321 kW. K\u00fchlwasser: 32 \u00b0C \/ 40 \u00b0C, Kaltwasser: 12\u00b0C \/ 7 \u00b0C. Dampfarbeitsdruck: 0.098 MPa. Die K\u00e4ltemaschine enth\u00e4lt folgende Elemente: Verdampfer, Absorber, K\u00fchler, L\u00f6sungstemperaturwechsler, K\u00fchlmittelpumpe, Steuersystem und andere Hilfsmittel. Funktionsweise der Anlage ist wie folgt: unter Hochvakuum wird das K\u00e4ltemittel (Wasser) &hellip; <a href=\"https:\/\/aes-int.com\/de\/absorption-plant\/\" class=\"more-link\">Continue reading <span class=\"screen-reader-text\">Absorptionsanlage<\/span> <span class=\"meta-nav\">&rarr;<\/span><\/a><\/p>\n","protected":false},"author":1,"featured_media":363,"parent":0,"menu_order":0,"comment_status":"closed","ping_status":"closed","template":"","meta":[],"acf":[],"yoast_head":"<!-- This site is optimized with the Yoast SEO plugin v19.13 - https:\/\/yoast.com\/wordpress\/plugins\/seo\/ -->\n<title>Absorptionsanlage - Aes Int<\/title>\n<meta name=\"robots\" content=\"index, follow, max-snippet:-1, max-image-preview:large, max-video-preview:-1\" \/>\n<link rel=\"canonical\" href=\"https:\/\/aes-int.com\/ru\/absorption-plant\/\" \/>\n<meta property=\"og:locale\" content=\"de_DE\" \/>\n<meta property=\"og:type\" content=\"article\" \/>\n<meta property=\"og:title\" content=\"[:de]Absorptionsanlage[:en]Absorption plant[:ru]\u0410\u0431\u0441\u043e\u0440\u0431\u0446\u0438\u043e\u043d\u043d\u044b\u0435 \u0443\u0441\u0442\u0430\u043d\u043e\u0432\u043a\u0438[:] - Aes Int\" \/>\n<meta property=\"og:description\" content=\"\u00a0 \u00a0Absorptionsk\u00e4ltemaschinen &#8211; Dampfbetrieben betrieben 16 JL Dampfdruck: 0,098 MPa, 527,4 kW bis 2321 kW. K\u00fchlwasser: 32 \u00b0C \/ 40 \u00b0C, Kaltwasser: 12\u00b0C \/ 7 \u00b0C. Dampfarbeitsdruck: 0.098 MPa. Die K\u00e4ltemaschine enth\u00e4lt folgende Elemente: Verdampfer, Absorber, K\u00fchler, L\u00f6sungstemperaturwechsler, K\u00fchlmittelpumpe, Steuersystem und andere Hilfsmittel. Funktionsweise der Anlage ist wie folgt: unter Hochvakuum wird das K\u00e4ltemittel (Wasser) &hellip; Continue reading Absorptionsanlage &rarr;\" \/>\n<meta property=\"og:url\" content=\"https:\/\/aes-int.com\/ru\/absorption-plant\/\" \/>\n<meta property=\"og:site_name\" content=\"Aes Int\" \/>\n<meta property=\"article:modified_time\" content=\"2015-07-30T09:04:41+00:00\" \/>\n<meta property=\"og:image\" content=\"https:\/\/aes-int.com\/wp-content\/uploads\/2015\/05\/ustanovki-e1436881697577.jpg\" \/>\n\t<meta property=\"og:image:width\" content=\"527\" \/>\n\t<meta property=\"og:image:height\" content=\"397\" \/>\n\t<meta property=\"og:image:type\" content=\"image\/jpeg\" \/>\n<meta name=\"twitter:card\" content=\"summary_large_image\" \/>\n<meta name=\"twitter:label1\" content=\"Gesch\u00e4tzte Lesezeit\" \/>\n\t<meta name=\"twitter:data1\" content=\"2 Minuten\" \/>\n<script type=\"application\/ld+json\" class=\"yoast-schema-graph\">{\"@context\":\"https:\/\/schema.org\",\"@graph\":[{\"@type\":\"WebPage\",\"@id\":\"https:\/\/aes-int.com\/ru\/absorption-plant\/\",\"url\":\"https:\/\/aes-int.com\/ru\/absorption-plant\/\",\"name\":\"[:de]Absorptionsanlage[:en]Absorption plant[:ru]\u0410\u0431\u0441\u043e\u0440\u0431\u0446\u0438\u043e\u043d\u043d\u044b\u0435 \u0443\u0441\u0442\u0430\u043d\u043e\u0432\u043a\u0438[:] - Aes Int\",\"isPartOf\":{\"@id\":\"https:\/\/aes-int.com\/#website\"},\"datePublished\":\"2015-05-07T09:47:40+00:00\",\"dateModified\":\"2015-07-30T09:04:41+00:00\",\"breadcrumb\":{\"@id\":\"https:\/\/aes-int.com\/ru\/absorption-plant\/#breadcrumb\"},\"inLanguage\":\"de-DE\",\"potentialAction\":[{\"@type\":\"ReadAction\",\"target\":[\"https:\/\/aes-int.com\/ru\/absorption-plant\/\"]}]},{\"@type\":\"BreadcrumbList\",\"@id\":\"https:\/\/aes-int.com\/ru\/absorption-plant\/#breadcrumb\",\"itemListElement\":[{\"@type\":\"ListItem\",\"position\":1,\"name\":\"\u0413\u043b\u0430\u0432\u043d\u043e\u0435 \u043c\u0435\u043d\u044e\",\"item\":\"https:\/\/aes-int.com\/\"},{\"@type\":\"ListItem\",\"position\":2,\"name\":\"\u0410\u0431\u0441\u043e\u0440\u0431\u0446\u0438\u043e\u043d\u043d\u044b\u0435 \u0443\u0441\u0442\u0430\u043d\u043e\u0432\u043a\u0438\"}]},{\"@type\":\"WebSite\",\"@id\":\"https:\/\/aes-int.com\/#website\",\"url\":\"https:\/\/aes-int.com\/\",\"name\":\"Aes Int\",\"description\":\"\",\"potentialAction\":[{\"@type\":\"SearchAction\",\"target\":{\"@type\":\"EntryPoint\",\"urlTemplate\":\"https:\/\/aes-int.com\/?s={search_term_string}\"},\"query-input\":\"required name=search_term_string\"}],\"inLanguage\":\"de-DE\"}]}<\/script>\n<!-- \/ Yoast SEO plugin. -->","yoast_head_json":{"title":"[:de]Absorptionsanlage[:en]Absorption plant[:ru]\u0410\u0431\u0441\u043e\u0440\u0431\u0446\u0438\u043e\u043d\u043d\u044b\u0435 \u0443\u0441\u0442\u0430\u043d\u043e\u0432\u043a\u0438[:] - Aes Int","robots":{"index":"index","follow":"follow","max-snippet":"max-snippet:-1","max-image-preview":"max-image-preview:large","max-video-preview":"max-video-preview:-1"},"canonical":"https:\/\/aes-int.com\/ru\/absorption-plant\/","og_locale":"de_DE","og_type":"article","og_title":"[:de]Absorptionsanlage[:en]Absorption plant[:ru]\u0410\u0431\u0441\u043e\u0440\u0431\u0446\u0438\u043e\u043d\u043d\u044b\u0435 \u0443\u0441\u0442\u0430\u043d\u043e\u0432\u043a\u0438[:] - Aes Int","og_description":"\u00a0 \u00a0Absorptionsk\u00e4ltemaschinen &#8211; Dampfbetrieben betrieben 16 JL Dampfdruck: 0,098 MPa, 527,4 kW bis 2321 kW. K\u00fchlwasser: 32 \u00b0C \/ 40 \u00b0C, Kaltwasser: 12\u00b0C \/ 7 \u00b0C. Dampfarbeitsdruck: 0.098 MPa. Die K\u00e4ltemaschine enth\u00e4lt folgende Elemente: Verdampfer, Absorber, K\u00fchler, L\u00f6sungstemperaturwechsler, K\u00fchlmittelpumpe, Steuersystem und andere Hilfsmittel. Funktionsweise der Anlage ist wie folgt: unter Hochvakuum wird das K\u00e4ltemittel (Wasser) &hellip; Continue reading Absorptionsanlage &rarr;","og_url":"https:\/\/aes-int.com\/ru\/absorption-plant\/","og_site_name":"Aes Int","article_modified_time":"2015-07-30T09:04:41+00:00","og_image":[{"width":527,"height":397,"url":"https:\/\/aes-int.com\/wp-content\/uploads\/2015\/05\/ustanovki-e1436881697577.jpg","type":"image\/jpeg"}],"twitter_card":"summary_large_image","twitter_misc":{"Gesch\u00e4tzte Lesezeit":"2 Minuten"},"schema":{"@context":"https:\/\/schema.org","@graph":[{"@type":"WebPage","@id":"https:\/\/aes-int.com\/ru\/absorption-plant\/","url":"https:\/\/aes-int.com\/ru\/absorption-plant\/","name":"[:de]Absorptionsanlage[:en]Absorption plant[:ru]\u0410\u0431\u0441\u043e\u0440\u0431\u0446\u0438\u043e\u043d\u043d\u044b\u0435 \u0443\u0441\u0442\u0430\u043d\u043e\u0432\u043a\u0438[:] - Aes Int","isPartOf":{"@id":"https:\/\/aes-int.com\/#website"},"datePublished":"2015-05-07T09:47:40+00:00","dateModified":"2015-07-30T09:04:41+00:00","breadcrumb":{"@id":"https:\/\/aes-int.com\/ru\/absorption-plant\/#breadcrumb"},"inLanguage":"de-DE","potentialAction":[{"@type":"ReadAction","target":["https:\/\/aes-int.com\/ru\/absorption-plant\/"]}]},{"@type":"BreadcrumbList","@id":"https:\/\/aes-int.com\/ru\/absorption-plant\/#breadcrumb","itemListElement":[{"@type":"ListItem","position":1,"name":"\u0413\u043b\u0430\u0432\u043d\u043e\u0435 \u043c\u0435\u043d\u044e","item":"https:\/\/aes-int.com\/"},{"@type":"ListItem","position":2,"name":"\u0410\u0431\u0441\u043e\u0440\u0431\u0446\u0438\u043e\u043d\u043d\u044b\u0435 \u0443\u0441\u0442\u0430\u043d\u043e\u0432\u043a\u0438"}]},{"@type":"WebSite","@id":"https:\/\/aes-int.com\/#website","url":"https:\/\/aes-int.com\/","name":"Aes Int","description":"","potentialAction":[{"@type":"SearchAction","target":{"@type":"EntryPoint","urlTemplate":"https:\/\/aes-int.com\/?s={search_term_string}"},"query-input":"required name=search_term_string"}],"inLanguage":"de-DE"}]}},"_links":{"self":[{"href":"https:\/\/aes-int.com\/de\/wp-json\/wp\/v2\/pages\/362"}],"collection":[{"href":"https:\/\/aes-int.com\/de\/wp-json\/wp\/v2\/pages"}],"about":[{"href":"https:\/\/aes-int.com\/de\/wp-json\/wp\/v2\/types\/page"}],"author":[{"embeddable":true,"href":"https:\/\/aes-int.com\/de\/wp-json\/wp\/v2\/users\/1"}],"replies":[{"embeddable":true,"href":"https:\/\/aes-int.com\/de\/wp-json\/wp\/v2\/comments?post=362"}],"version-history":[{"count":26,"href":"https:\/\/aes-int.com\/de\/wp-json\/wp\/v2\/pages\/362\/revisions"}],"predecessor-version":[{"id":1019,"href":"https:\/\/aes-int.com\/de\/wp-json\/wp\/v2\/pages\/362\/revisions\/1019"}],"wp:featuredmedia":[{"embeddable":true,"href":"https:\/\/aes-int.com\/de\/wp-json\/wp\/v2\/media\/363"}],"wp:attachment":[{"href":"https:\/\/aes-int.com\/de\/wp-json\/wp\/v2\/media?parent=362"}],"curies":[{"name":"wp","href":"https:\/\/api.w.org\/{rel}","templated":true}]}}